{"id":7669,"date":"2022-07-01T01:36:50","date_gmt":"2022-07-01T01:36:50","guid":{"rendered":"https:\/\/socepel.com.br\/?page_id=7669"},"modified":"2022-07-01T12:50:44","modified_gmt":"2022-07-01T12:50:44","slug":"pos-graduacao-na-area-de-direito","status":"publish","type":"page","link":"https:\/\/socepel.com.br\/?page_id=7669","title":{"rendered":"P\u00f3s-Gradua\u00e7\u00e3o na Ar\u00e9a de Direito"},"content":{"rendered":"<p class=\"western\" align=\"left\"><span style=\"color: #008000;\">INFORMA\u00c7\u00d5ES: P\u00f3lo UniCV Polo Vila Velha \u2013 Socepel<br \/>\n<\/span><span style=\"color: #008000;\">Rua Henrique Laranja, 434 &#8211; Centro &#8211; Vila Velha -ES<br \/>\nTelefone: (27) 3032-2299<br \/>\nWhatsapp: (27) 99228-8087<br \/>\nInstagram: @unicv.vilavelha<br \/>\nE-mail: polo.vilavelha.centro@unicv.edu.br <\/span><\/p>\n<p><img loading=\"lazy\" decoding=\"async\" class=\"size-full wp-image-7670 alignnone\" src=\"https:\/\/socepel.com.br\/wp-content\/uploads\/2022\/07\/pos-ead-polo-direito1.png\" alt=\"\" width=\"1080\" height=\"1080\" srcset=\"https:\/\/socepel.com.br\/wp-content\/uploads\/2022\/07\/pos-ead-polo-direito1.png 1080w, https:\/\/socepel.com.br\/wp-content\/uploads\/2022\/07\/pos-ead-polo-direito1-300x300.png 300w, https:\/\/socepel.com.br\/wp-content\/uploads\/2022\/07\/pos-ead-polo-direito1-1024x1024.png 1024w, https:\/\/socepel.com.br\/wp-content\/uploads\/2022\/07\/pos-ead-polo-direito1-150x150.png 150w, https:\/\/socepel.com.br\/wp-content\/uploads\/2022\/07\/pos-ead-polo-direito1-768x768.png 768w, https:\/\/socepel.com.br\/wp-content\/uploads\/2022\/07\/pos-ead-polo-direito1-600x600.png 600w, https:\/\/socepel.com.br\/wp-content\/uploads\/2022\/07\/pos-ead-polo-direito1-100x100.png 100w\" sizes=\"auto, (max-width: 1080px) 100vw, 1080px\" \/> <img loading=\"lazy\" decoding=\"async\" class=\"size-full wp-image-7671 alignnone\" src=\"https:\/\/socepel.com.br\/wp-content\/uploads\/2022\/07\/pos-ead-polo-direito2.png\" alt=\"\" width=\"1080\" height=\"1080\" srcset=\"https:\/\/socepel.com.br\/wp-content\/uploads\/2022\/07\/pos-ead-polo-direito2.png 1080w, https:\/\/socepel.com.br\/wp-content\/uploads\/2022\/07\/pos-ead-polo-direito2-300x300.png 300w, https:\/\/socepel.com.br\/wp-content\/uploads\/2022\/07\/pos-ead-polo-direito2-1024x1024.png 1024w, https:\/\/socepel.com.br\/wp-content\/uploads\/2022\/07\/pos-ead-polo-direito2-150x150.png 150w, https:\/\/socepel.com.br\/wp-content\/uploads\/2022\/07\/pos-ead-polo-direito2-768x768.png 768w, https:\/\/socepel.com.br\/wp-content\/uploads\/2022\/07\/pos-ead-polo-direito2-600x600.png 600w, https:\/\/socepel.com.br\/wp-content\/uploads\/2022\/07\/pos-ead-polo-direito2-100x100.png 100w\" sizes=\"auto, (max-width: 1080px) 100vw, 1080px\" \/> <img loading=\"lazy\" decoding=\"async\" class=\"size-full wp-image-7672 alignnone\" src=\"https:\/\/socepel.com.br\/wp-content\/uploads\/2022\/07\/pos-ead-polo-direito3.png\" alt=\"\" width=\"1080\" height=\"1080\" srcset=\"https:\/\/socepel.com.br\/wp-content\/uploads\/2022\/07\/pos-ead-polo-direito3.png 1080w, https:\/\/socepel.com.br\/wp-content\/uploads\/2022\/07\/pos-ead-polo-direito3-300x300.png 300w, https:\/\/socepel.com.br\/wp-content\/uploads\/2022\/07\/pos-ead-polo-direito3-1024x1024.png 1024w, https:\/\/socepel.com.br\/wp-content\/uploads\/2022\/07\/pos-ead-polo-direito3-150x150.png 150w, https:\/\/socepel.com.br\/wp-content\/uploads\/2022\/07\/pos-ead-polo-direito3-768x768.png 768w, https:\/\/socepel.com.br\/wp-content\/uploads\/2022\/07\/pos-ead-polo-direito3-600x600.png 600w, https:\/\/socepel.com.br\/wp-content\/uploads\/2022\/07\/pos-ead-polo-direito3-100x100.png 100w\" sizes=\"auto, (max-width: 1080px) 100vw, 1080px\" \/><br \/>\n<img loading=\"lazy\" decoding=\"async\" class=\"size-full wp-image-7672 alignnone\" src=\"https:\/\/socepel.com.br\/wp-content\/uploads\/2022\/07\/pos-ead-polo-direito3.png\" alt=\"\" width=\"1080\" height=\"1080\" srcset=\"https:\/\/socepel.com.br\/wp-content\/uploads\/2022\/07\/pos-ead-polo-direito3.png 1080w, https:\/\/socepel.com.br\/wp-content\/uploads\/2022\/07\/pos-ead-polo-direito3-300x300.png 300w, https:\/\/socepel.com.br\/wp-content\/uploads\/2022\/07\/pos-ead-polo-direito3-1024x1024.png 1024w, https:\/\/socepel.com.br\/wp-content\/uploads\/2022\/07\/pos-ead-polo-direito3-150x150.png 150w, https:\/\/socepel.com.br\/wp-content\/uploads\/2022\/07\/pos-ead-polo-direito3-768x768.png 768w, https:\/\/socepel.com.br\/wp-content\/uploads\/2022\/07\/pos-ead-polo-direito3-600x600.png 600w, https:\/\/socepel.com.br\/wp-content\/uploads\/2022\/07\/pos-ead-polo-direito3-100x100.png 100w\" sizes=\"auto, (max-width: 1080px) 100vw, 1080px\" \/><\/p>\n<div class=\"everest-forms\"><div class=\"evf-container default\" id=\"evf-5077\"><form id=\"evf-form-5077\" class=\"everest-form\" data-formid=\"5077\" data-ajax_submission=\"0\" data-keyboard_friendly_form=\"0\" method=\"post\" enctype=\"multipart\/form-data\" action=\"\/index.php?rest_route=%2Fwp%2Fv2%2Fpages%2F7669\"><div class=\"evf-field-container\"><input type=\"hidden\" id=\"_wpnonce5077\" name=\"_wpnonce5077\" value=\"096c583528\" \/><input type=\"hidden\" name=\"_wp_http_referer\" value=\"\/index.php?rest_route=%2Fwp%2Fv2%2Fpages%2F7669\" \/><div class=\"evf-frontend-row\" data-row=\"row_1\" conditional_rules=\"[]\"><div class=\"evf-frontend-grid evf-grid-1\" data-grid=\"grid_1\"><div id=\"evf-5077-field_fullname-container\" class=\"evf-field evf-field-text form-row validate-required\" data-required-field-message=\"This field is required.\" data-field-id=\"fullname\"><label class=\"evf-field-label\" for=\"evf-5077-field_fullname\"><span class=\"evf-label\">Nome<\/span> <abbr class=\"required\" title=\"Required\">*<\/abbr><\/label><input type=\"text\" id=\"evf-5077-field_fullname\" class=\"input-text\" name=\"everest_forms[form_fields][fullname]\" required><\/div><div id=\"evf-5077-field_email-container\" class=\"evf-field evf-field-email form-row validate-required validate-email\" data-required-field-message=\"Please enter a valid email address.\" data-field-id=\"email\"><label class=\"evf-field-label\" for=\"evf-5077-field_email\"><span class=\"evf-label\">Email<\/span> <abbr class=\"required\" title=\"Required\">*<\/abbr><\/label><input type=\"email\" id=\"evf-5077-field_email\" class=\"input-text\" name=\"everest_forms[form_fields][email]\" required ><\/div><div id=\"evf-5077-field_subject-container\" class=\"evf-field evf-field-text form-row validate-required\" data-required-field-message=\"This field is required.\" data-field-id=\"subject\"><label class=\"evf-field-label\" for=\"evf-5077-field_subject\"><span class=\"evf-label\">Assunto<\/span> <abbr class=\"required\" title=\"Required\">*<\/abbr><\/label><input type=\"text\" id=\"evf-5077-field_subject\" class=\"input-text\" name=\"everest_forms[form_fields][subject]\" required><\/div><div id=\"evf-5077-field_message-container\" class=\"evf-field evf-field-textarea form-row\" data-field-id=\"message\"><label class=\"evf-field-label\" for=\"evf-5077-field_message\"><span class=\"evf-label\">Mensagem<\/span> <\/label><textarea id=\"evf-5077-field_message\" class=\"input-text\" name=\"everest_forms[form_fields][message]\"  ><\/textarea><\/div><\/div><\/div><\/div><div class=\"evf-honeypot-container evf-field-hp\"><label for=\"evf-5077-field-hp\" class=\"evf-field-label\">Comment<\/label><input type=\"text\" name=\"everest_forms[hp]\" id=\"evf-5077-field-hp\" class=\"input-text\"><\/div><div class=\"evf-submit-container \" ><input type=\"hidden\" name=\"everest_forms[id]\" value=\"5077\"><input type=\"hidden\" name=\"everest_forms[author]\" value=\"4\"><button type='submit' name='everest_forms[submit]' class='everest-forms-submit-button button evf-submit ' id='evf-submit-5077' value='evf-submit' data-process-text=\"Processing\u2026\" conditional_rules='&quot;&quot;' conditional_id='evf-submit-5077'  id=\"evf-submit-5077\" aria-live=\"assertive\">Enviar<\/button><\/div><\/form><\/div><!-- .evf-container --><\/div>\n","protected":false},"excerpt":{"rendered":"<p>INFORMA\u00c7\u00d5ES: P\u00f3lo UniCV Polo Vila Velha \u2013 Socepel Rua Henrique Laranja, 434 &#8211; Centro &#8211; Vila Velha -ES Telefone: (27) 3032-2299 Whatsapp: (27) 99228-8087 Instagram: @unicv.vilavelha E-mail: polo.vilavelha.centro@unicv.edu.br<\/p>\n","protected":false},"author":4,"featured_media":0,"parent":0,"menu_order":0,"comment_status":"closed","ping_status":"closed","template":"","meta":{"footnotes":""},"class_list":["post-7669","page","type-page","status-publish","hentry"],"_links":{"self":[{"href":"https:\/\/socepel.com.br\/index.php?rest_route=\/wp\/v2\/pages\/7669","targetHints":{"allow":["GET"]}}],"collection":[{"href":"https:\/\/socepel.com.br\/index.php?rest_route=\/wp\/v2\/pages"}],"about":[{"href":"https:\/\/socepel.com.br\/index.php?rest_route=\/wp\/v2\/types\/page"}],"author":[{"embeddable":true,"href":"https:\/\/socepel.com.br\/index.php?rest_route=\/wp\/v2\/users\/4"}],"replies":[{"embeddable":true,"href":"https:\/\/socepel.com.br\/index.php?rest_route=%2Fwp%2Fv2%2Fcomments&post=7669"}],"version-history":[{"count":5,"href":"https:\/\/socepel.com.br\/index.php?rest_route=\/wp\/v2\/pages\/7669\/revisions"}],"predecessor-version":[{"id":7679,"href":"https:\/\/socepel.com.br\/index.php?rest_route=\/wp\/v2\/pages\/7669\/revisions\/7679"}],"wp:attachment":[{"href":"https:\/\/socepel.com.br\/index.php?rest_route=%2Fwp%2Fv2%2Fmedia&parent=7669"}],"curies":[{"name":"wp","href":"https:\/\/api.w.org\/{rel}","templated":true}]}}