{"id":6631,"date":"2020-07-08T01:27:29","date_gmt":"2020-07-08T01:27:29","guid":{"rendered":"https:\/\/socepel.com.br\/?page_id=6631"},"modified":"2022-07-24T23:08:00","modified_gmt":"2022-07-24T23:08:00","slug":"i-pos-graduacao-empresarial","status":"publish","type":"page","link":"https:\/\/socepel.com.br\/?page_id=6631","title":{"rendered":"Gradua\u00e7\u00e3o EAD UniCV"},"content":{"rendered":"<p class=\"western\" align=\"left\"><span style=\"color: #008000;\">INFORMA\u00c7\u00d5ES: P\u00f3lo UniCV Polo Vila Velha \u2013 Socepel<br \/>\nRua Henrique Laranja, 434 &#8211; Centro &#8211; Vila Velha -ES<br \/>\nTelefone: (27) 3032-2299<br \/>\nWhatsapp: (27) 99228-8087<br \/>\nInstagram: @unicv.vilavelha<br \/>\nE-mail: polo.vilavelha.centro@unicv.edu.br<\/span><\/p>\n<p><img loading=\"lazy\" decoding=\"async\" class=\"aligncenter size-large wp-image-7700\" src=\"https:\/\/socepel.com.br\/wp-content\/uploads\/2022\/07\/FEED-CARROSSEL-01-1024x1024.png\" alt=\"\" width=\"800\" height=\"800\" srcset=\"https:\/\/socepel.com.br\/wp-content\/uploads\/2022\/07\/FEED-CARROSSEL-01-1024x1024.png 1024w, https:\/\/socepel.com.br\/wp-content\/uploads\/2022\/07\/FEED-CARROSSEL-01-300x300.png 300w, https:\/\/socepel.com.br\/wp-content\/uploads\/2022\/07\/FEED-CARROSSEL-01-150x150.png 150w, https:\/\/socepel.com.br\/wp-content\/uploads\/2022\/07\/FEED-CARROSSEL-01-768x768.png 768w, https:\/\/socepel.com.br\/wp-content\/uploads\/2022\/07\/FEED-CARROSSEL-01-600x600.png 600w, https:\/\/socepel.com.br\/wp-content\/uploads\/2022\/07\/FEED-CARROSSEL-01-100x100.png 100w, https:\/\/socepel.com.br\/wp-content\/uploads\/2022\/07\/FEED-CARROSSEL-01.png 1080w\" sizes=\"auto, (max-width: 800px) 100vw, 800px\" \/><\/p>\n<p><img loading=\"lazy\" decoding=\"async\" class=\"aligncenter size-large wp-image-7701\" src=\"https:\/\/socepel.com.br\/wp-content\/uploads\/2022\/07\/FEED-CARROSSEL-02-1024x1024.png\" alt=\"\" width=\"800\" height=\"800\" srcset=\"https:\/\/socepel.com.br\/wp-content\/uploads\/2022\/07\/FEED-CARROSSEL-02-1024x1024.png 1024w, https:\/\/socepel.com.br\/wp-content\/uploads\/2022\/07\/FEED-CARROSSEL-02-300x300.png 300w, https:\/\/socepel.com.br\/wp-content\/uploads\/2022\/07\/FEED-CARROSSEL-02-150x150.png 150w, https:\/\/socepel.com.br\/wp-content\/uploads\/2022\/07\/FEED-CARROSSEL-02-768x768.png 768w, https:\/\/socepel.com.br\/wp-content\/uploads\/2022\/07\/FEED-CARROSSEL-02-600x600.png 600w, https:\/\/socepel.com.br\/wp-content\/uploads\/2022\/07\/FEED-CARROSSEL-02-100x100.png 100w, https:\/\/socepel.com.br\/wp-content\/uploads\/2022\/07\/FEED-CARROSSEL-02.png 1080w\" sizes=\"auto, (max-width: 800px) 100vw, 800px\" \/><\/p>\n<p><img loading=\"lazy\" decoding=\"async\" class=\"aligncenter size-large wp-image-7703\" src=\"https:\/\/socepel.com.br\/wp-content\/uploads\/2022\/07\/FEED-CARROSSEL-03-1024x1024.png\" alt=\"\" width=\"800\" height=\"800\" srcset=\"https:\/\/socepel.com.br\/wp-content\/uploads\/2022\/07\/FEED-CARROSSEL-03-1024x1024.png 1024w, https:\/\/socepel.com.br\/wp-content\/uploads\/2022\/07\/FEED-CARROSSEL-03-300x300.png 300w, https:\/\/socepel.com.br\/wp-content\/uploads\/2022\/07\/FEED-CARROSSEL-03-150x150.png 150w, https:\/\/socepel.com.br\/wp-content\/uploads\/2022\/07\/FEED-CARROSSEL-03-768x768.png 768w, https:\/\/socepel.com.br\/wp-content\/uploads\/2022\/07\/FEED-CARROSSEL-03-600x600.png 600w, https:\/\/socepel.com.br\/wp-content\/uploads\/2022\/07\/FEED-CARROSSEL-03-100x100.png 100w, https:\/\/socepel.com.br\/wp-content\/uploads\/2022\/07\/FEED-CARROSSEL-03.png 1080w\" sizes=\"auto, (max-width: 800px) 100vw, 800px\" \/><\/p>\n<p><img loading=\"lazy\" decoding=\"async\" class=\"aligncenter size-large wp-image-7704\" src=\"https:\/\/socepel.com.br\/wp-content\/uploads\/2022\/07\/FEED-CARROSSEL-04-1024x1022.png\" alt=\"\" width=\"800\" height=\"798\" srcset=\"https:\/\/socepel.com.br\/wp-content\/uploads\/2022\/07\/FEED-CARROSSEL-04-1024x1022.png 1024w, https:\/\/socepel.com.br\/wp-content\/uploads\/2022\/07\/FEED-CARROSSEL-04-300x300.png 300w, https:\/\/socepel.com.br\/wp-content\/uploads\/2022\/07\/FEED-CARROSSEL-04-150x150.png 150w, https:\/\/socepel.com.br\/wp-content\/uploads\/2022\/07\/FEED-CARROSSEL-04-768x767.png 768w, https:\/\/socepel.com.br\/wp-content\/uploads\/2022\/07\/FEED-CARROSSEL-04-600x599.png 600w, https:\/\/socepel.com.br\/wp-content\/uploads\/2022\/07\/FEED-CARROSSEL-04-100x100.png 100w, https:\/\/socepel.com.br\/wp-content\/uploads\/2022\/07\/FEED-CARROSSEL-04.png 1082w\" sizes=\"auto, (max-width: 800px) 100vw, 800px\" \/><\/p>\n<p><img loading=\"lazy\" decoding=\"async\" class=\"aligncenter size-large wp-image-7705\" src=\"https:\/\/socepel.com.br\/wp-content\/uploads\/2022\/07\/FEED-CARROSSEL-05-1024x995.png\" alt=\"\" width=\"800\" height=\"777\" srcset=\"https:\/\/socepel.com.br\/wp-content\/uploads\/2022\/07\/FEED-CARROSSEL-05-1024x995.png 1024w, https:\/\/socepel.com.br\/wp-content\/uploads\/2022\/07\/FEED-CARROSSEL-05-300x292.png 300w, https:\/\/socepel.com.br\/wp-content\/uploads\/2022\/07\/FEED-CARROSSEL-05-768x747.png 768w, https:\/\/socepel.com.br\/wp-content\/uploads\/2022\/07\/FEED-CARROSSEL-05-600x583.png 600w, https:\/\/socepel.com.br\/wp-content\/uploads\/2022\/07\/FEED-CARROSSEL-05.png 1111w\" sizes=\"auto, (max-width: 800px) 100vw, 800px\" \/><div class=\"everest-forms\"><div class=\"evf-container default\" id=\"evf-5077\"><form id=\"evf-form-5077\" class=\"everest-form\" data-formid=\"5077\" data-ajax_submission=\"0\" data-keyboard_friendly_form=\"0\" method=\"post\" enctype=\"multipart\/form-data\" action=\"\/index.php?rest_route=%2Fwp%2Fv2%2Fpages%2F6631\"><div class=\"evf-field-container\"><input type=\"hidden\" id=\"_wpnonce5077\" name=\"_wpnonce5077\" value=\"024b050ac1\" \/><input type=\"hidden\" name=\"_wp_http_referer\" value=\"\/index.php?rest_route=%2Fwp%2Fv2%2Fpages%2F6631\" \/><div class=\"evf-frontend-row\" data-row=\"row_1\" conditional_rules=\"[]\"><div class=\"evf-frontend-grid evf-grid-1\" data-grid=\"grid_1\"><div id=\"evf-5077-field_fullname-container\" class=\"evf-field evf-field-text form-row validate-required\" data-required-field-message=\"This field is required.\" data-field-id=\"fullname\"><label class=\"evf-field-label\" for=\"evf-5077-field_fullname\"><span class=\"evf-label\">Nome<\/span> <abbr class=\"required\" title=\"Required\">*<\/abbr><\/label><input type=\"text\" id=\"evf-5077-field_fullname\" class=\"input-text\" name=\"everest_forms[form_fields][fullname]\" required><\/div><div id=\"evf-5077-field_email-container\" class=\"evf-field evf-field-email form-row validate-required validate-email\" data-required-field-message=\"Please enter a valid email address.\" data-field-id=\"email\"><label class=\"evf-field-label\" for=\"evf-5077-field_email\"><span class=\"evf-label\">Email<\/span> <abbr class=\"required\" title=\"Required\">*<\/abbr><\/label><input type=\"email\" id=\"evf-5077-field_email\" class=\"input-text\" name=\"everest_forms[form_fields][email]\" required ><\/div><div id=\"evf-5077-field_subject-container\" class=\"evf-field evf-field-text form-row validate-required\" data-required-field-message=\"This field is required.\" data-field-id=\"subject\"><label class=\"evf-field-label\" for=\"evf-5077-field_subject\"><span class=\"evf-label\">Assunto<\/span> <abbr class=\"required\" title=\"Required\">*<\/abbr><\/label><input type=\"text\" id=\"evf-5077-field_subject\" class=\"input-text\" name=\"everest_forms[form_fields][subject]\" required><\/div><div id=\"evf-5077-field_message-container\" class=\"evf-field evf-field-textarea form-row\" data-field-id=\"message\"><label class=\"evf-field-label\" for=\"evf-5077-field_message\"><span class=\"evf-label\">Mensagem<\/span> <\/label><textarea id=\"evf-5077-field_message\" class=\"input-text\" name=\"everest_forms[form_fields][message]\"  ><\/textarea><\/div><\/div><\/div><\/div><div class=\"evf-honeypot-container evf-field-hp\"><label for=\"evf-5077-field-hp\" class=\"evf-field-label\">Email<\/label><input type=\"text\" name=\"everest_forms[hp]\" id=\"evf-5077-field-hp\" class=\"input-text\"><\/div><div class=\"evf-submit-container \" ><input type=\"hidden\" name=\"everest_forms[id]\" value=\"5077\"><input type=\"hidden\" name=\"everest_forms[author]\" value=\"4\"><button type='submit' name='everest_forms[submit]' class='everest-forms-submit-button button evf-submit ' id='evf-submit-5077' value='evf-submit' data-process-text=\"Processing\u2026\" conditional_rules='&quot;&quot;' conditional_id='evf-submit-5077'  id=\"evf-submit-5077\" aria-live=\"assertive\">Enviar<\/button><\/div><\/form><\/div><!-- .evf-container --><\/div><\/p>\n","protected":false},"excerpt":{"rendered":"<p>INFORMA\u00c7\u00d5ES: P\u00f3lo UniCV Polo Vila Velha \u2013 Socepel Rua Henrique Laranja, 434 &#8211; Centro &#8211; Vila Velha -ES Telefone: (27) 3032-2299 Whatsapp: (27) 99228-8087 Instagram: @unicv.vilavelha E-mail: polo.vilavelha.centro@unicv.edu.br<\/p>\n","protected":false},"author":4,"featured_media":0,"parent":0,"menu_order":0,"comment_status":"closed","ping_status":"closed","template":"","meta":{"footnotes":""},"class_list":["post-6631","page","type-page","status-publish","hentry"],"_links":{"self":[{"href":"https:\/\/socepel.com.br\/index.php?rest_route=\/wp\/v2\/pages\/6631","targetHints":{"allow":["GET"]}}],"collection":[{"href":"https:\/\/socepel.com.br\/index.php?rest_route=\/wp\/v2\/pages"}],"about":[{"href":"https:\/\/socepel.com.br\/index.php?rest_route=\/wp\/v2\/types\/page"}],"author":[{"embeddable":true,"href":"https:\/\/socepel.com.br\/index.php?rest_route=\/wp\/v2\/users\/4"}],"replies":[{"embeddable":true,"href":"https:\/\/socepel.com.br\/index.php?rest_route=%2Fwp%2Fv2%2Fcomments&post=6631"}],"version-history":[{"count":22,"href":"https:\/\/socepel.com.br\/index.php?rest_route=\/wp\/v2\/pages\/6631\/revisions"}],"predecessor-version":[{"id":7713,"href":"https:\/\/socepel.com.br\/index.php?rest_route=\/wp\/v2\/pages\/6631\/revisions\/7713"}],"wp:attachment":[{"href":"https:\/\/socepel.com.br\/index.php?rest_route=%2Fwp%2Fv2%2Fmedia&parent=6631"}],"curies":[{"name":"wp","href":"https:\/\/api.w.org\/{rel}","templated":true}]}}