{"id":6618,"date":"2020-04-29T23:20:26","date_gmt":"2020-04-29T23:20:26","guid":{"rendered":"https:\/\/socepel.com.br\/?page_id=6618"},"modified":"2020-11-27T12:02:12","modified_gmt":"2020-11-27T12:02:12","slug":"i-pos-graduacao-educacao-2","status":"publish","type":"page","link":"https:\/\/socepel.com.br\/?page_id=6618","title":{"rendered":"I \u2013 P\u00f3s-Gradua\u00e7\u00e3o Sa\u00fade"},"content":{"rendered":"\n<p>I \u2013 P\u00f3s-Gradua\u00e7\u00e3o Sa\u00fade<\/p>\n\n\n\n<p class=\"has-vivid-red-color has-text-color\">Informa\u00e7\u00e3o WhatsApp 027 99788-3884 \/ 98114-0642 \/ 3032-2299<\/p>\n\n\n\n<p class=\"has-vivid-red-color has-text-color\">Todos os Cursos em EAD<\/p>\n\n\n\n<p><a href=\"http:\/\/socepel.com.br\/CURSOS\/IBRA_PRE_MATRICULA_FORMULARIO.pdf\" target=\"_blank\" rel=\"noreferrer noopener\"><strong>Clique aqui<\/strong><\/a><strong>&nbsp;para baixar o formul\u00e1rio de pr\u00e9-matr\u00edcula.<\/strong><\/p>\n\n\n\n<p><a href=\"http:\/\/socepel.com.br\/CURSOS\/p\u00f3s gradua\u00e7\u00e3o ead ontologia.pdf\" target=\"_blank\" rel=\"noreferrer noopener\">P\u00f3s-Gradua\u00e7\u00e3o ONTOLOGIA<\/a><\/p>\n\n\n\n<p><strong>Cursos na \u00c1rea da Sa\u00fade<\/strong><\/p>\n\n\n\n<ul class=\"wp-block-list\"><li>\uf0b7 ADMINISTRA\u00c7\u00c3O HOSPITALAR<\/li><li>\uf0b7 ANATOMIA E PATOLOGIA ASSOCIADA<\/li><li>\uf0b7 ANATOMIA FUNCIONAL<\/li><li>\uf0b7 ATENDIMENTO A CRIAN\u00c7AS E JOVENS EM SITUA\u00c7\u00c3O DE RISCO SOCIAL<\/li><li>\uf0b7 AUDITORIA EM CONTAS M\u00c9DICAS E HOSPITALARES<\/li><li>\uf0b7 AUDITORIA EM ENFERMAGEM<\/li><li>\uf0b7 AUDITORIA EM SERVI\u00c7O DE SA\u00daDE<\/li><li>\uf0b7 BACTERIOLOGIA E DIAGN\u00d3STICOS LABORATORIAIS<\/li><li>\uf0b7 BASES LEGAIS E A\u00c7\u00d5ES DE VIGIL\u00c2NCIA SOBRE ALIMENTOS<\/li><li>\uf0b7 BIOMEDICINA EST\u00c9TICA<\/li><li>\uf0b7 CONTROLE DE INFEC\u00c7\u00c3O HOSPITALAR<\/li><li>\uf0b7 COSMETOLOGIA E EST\u00c9TICA<\/li><li>\uf0b7 CUIDADOS PALIATIVOS<\/li><li>\uf0b7 DEFICI\u00caNCIA INTELECTUAL<\/li><li>\uf0b7 DEPEND\u00caNCIA QU\u00cdMICA<\/li><li>\uf0b7 DEPEND\u00caNCIA QU\u00cdMICA, NEUROCI\u00caNCIA E APRENDIZAGEM<\/li><li>\uf0b7 DOC\u00caNCIA E PESQUISA PARA \u00c1REA DA SA\u00daDE<\/li><li>\uf0b7 DOC\u00caNCIA EM ENFERMAGEM<\/li><li>\uf0b7 ENFERMAGEM DO TRABALHO<\/li><li>\uf0b7 ENFERMAGEM E CUIDADO DO IDOSO<\/li><li>\uf0b7 ENFERMAGEM EM DERMATOLOGIA<\/li><li>\uf0b7 ENFERMAGEM EM GINECOLOGIA E OBSTETR\u00cdCIA<\/li><li>\uf0b7 ENFERMAGEM EM NEFROLOGIA<\/li><li>\uf0b7 ENFERMAGEM EM ONCOLOGIA<\/li><li>\uf0b7 ENFERMAGEM EM ORTOPEDIA E TRAUMATOLOGIA<\/li><li>\uf0b7 ENFERMAGEM EM PEDIATRIA E NEONATOLOGIA<\/li><li>\uf0b7 ENFERMAGEM EM PSIQUIATRIA E SA\u00daDE MENTAL<\/li><li>\uf0b7 ENFERMAGEM EM UTI &#8211; UNIDADE DE TERAPIA INTENSIVA<\/li><li>\uf0b7 ENFERMAGEM EM UTI NEONATAL E PEDI\u00c1TRICA<\/li><li>\uf0b7 ENFERMAGEM EST\u00c9TICA<\/li><li>\uf0b7 ERGONOMIA<\/li><li>\uf0b7 FARM\u00c1CIA CL\u00cdNICA COM ATEN\u00c7\u00c3O FARMAC\u00caUTICA<\/li><li>\uf0b7 FARM\u00c1CIA CL\u00cdNICA DIRECIONADA \u00c0 PRESCRI\u00c7\u00c3O FARMAC\u00caUTICA<\/li><li>\uf0b7 FARM\u00c1CIA HOSPITALAR<\/li><li>\uf0b7 FARM\u00c1CIA HOSPITALAR E CLINICA<\/li><li>\uf0b7 FARMACOTERAPIA E ATEN\u00c7\u00c3O FARMAC\u00caUTICA<\/li><li>\uf0b7 FISIOLOGIA DO EXERC\u00cdCIO<\/li><li>\uf0b7 FISIOLOGIA, NUTRI\u00c7\u00c3O E GEST\u00c3O DO ATENDIMENTO PERSONALIZADO<\/li><li>\uf0b7 FISIOTERAPIA APLICADA A MULHER<\/li><li>\uf0b7 FISIOTERAPIA DERMATO-FUNCIONAL<\/li><li>\uf0b7 FISIOTERAPIA DO TRABALHO<\/li><li>\uf0b7 FISIOTERAPIA EM GERIATRIA E GERONTOLOGIA<\/li><li>\uf0b7 FISIOTERAPIA INTENSIVA<\/li><li>\uf0b7 FISIOTERAPIA NEUROL\u00d3GICA ADULTA<\/li><li>\uf0b7 FISIOTERAPIA RESPIRAT\u00d3RIA<\/li><li>\uf0b7 FISIOTERAPIA TRAUMATO-ORTOP\u00c9DICA<\/li><li>\uf0b7 FISIOTERAPIA UROGINECOL\u00d3GICA<\/li><li>\uf0b7 FITOTERAPIA<\/li><li>\uf0b7 FITOTERAPIA APLICADA A NUTRI\u00c7\u00c3O CLINICA<\/li><li>\uf0b7 FONOAUDIOLOGIA EDUCACIONAL<\/li><li>\uf0b7 FONOAUDIOLOGIA EM SA\u00daDE COLETIVA<\/li><li>\uf0b7 FONOAUDIOLOGIA HOSPITALAR<\/li><li>\uf0b7 FUNDAMENTOS DA TERAPIA COMPORTAMENTAL<\/li><li>\uf0b7 GERIATRIA E GERONTOLOGIA<\/li><li>\uf0b7 GERONTOLOGIA<\/li><li>\uf0b7 GEST\u00c3O DE SA\u00daDE P\u00daBLICA<\/li><li>\uf0b7 GEST\u00c3O DE SERVI\u00c7O SOCIAL E GERONTOLOGIA<\/li><li>\uf0b7 GEST\u00c3O DE SERVI\u00c7OS DE SA\u00daDE<\/li><li>\uf0b7 GEST\u00c3O E AUDITORIA EM ENFERMAGEM<\/li><li>\uf0b7 GEST\u00c3O E AUDITORIA EM SA\u00daDE PUBLICA<\/li><li>\uf0b7 GEST\u00c3O EM SA\u00daDE PUBLICA<\/li><li>\uf0b7 GEST\u00c3O EM SA\u00daDE P\u00daBLICA COM \u00caNFASE EM SA\u00daDE DA FAM\u00cdLIA<\/li><li>\uf0b7 GEST\u00c3O HOSPITALAR<\/li><li>\uf0b7 GEST\u00c3O HOSPITALAR RH<\/li><li>\uf0b7 HEMATO EM ONCOLOGIA<\/li><li>\uf0b7 HEMATOLOGIA CL\u00cdNICA<\/li><li>\uf0b7 INSTRUMENTA\u00c7\u00c3O CIR\u00daRGICA, CENTRO CIR\u00daRGICO E CENTRAL DE MATERIAL E ESTERILIZA\u00c7\u00c3O<\/li><li>\uf0b7 MULTIPROFISSIONAL EM ONCOLOGIA E CUIDADOS PALIATIVOS<\/li><li>\uf0b7 NEUROPSICOLOGIA CLINICA<\/li><li>\uf0b7 NEUROPSICOPEDAGOGIA CL\u00cdNICA<\/li><li>\uf0b7 NUTRI\u00c7\u00c3O CL\u00cdNICA E EST\u00c9TICA<\/li><li>\uf0b7 NUTRI\u00c7\u00c3O COM \u00caNFASE EM ALIMENTA\u00c7\u00c3O ESCOLAR<\/li><li>\uf0b7 NUTRI\u00c7\u00c3O COM \u00caNFASE EM OBESIDADE PEDI\u00c1TRICA<\/li><li>\uf0b7 NUTRI\u00c7\u00c3O EM SA\u00daDE P\u00daBLICA<\/li><li>\uf0b7 NUTRI\u00c7\u00c3O ESPORTIVA<\/li><li>\uf0b7 NUTRI\u00c7\u00c3O ORTOMOLECULAR<\/li><li>\uf0b7 ONCOLOGIA<\/li><li>\uf0b7 PEDAGOGIA HOSPITALAR<\/li><li>\uf0b7 PEDAGOGIA HOSPITALAR E CARCER\u00c1RIA<\/li><li>\uf0b7 PERSONAL TRAINER<\/li><li>\uf0b7 PERSONAL TRAINER E TREINAMENTO DESPORTIVO<\/li><li>\uf0b7 PILATES<\/li><li>\uf0b7 PR\u00c1TICAS EM FARM\u00c1CIA CL\u00cdNICA E HOSPITALAR<\/li><li>\uf0b7 PR\u00c1TICAS INTEGRATIVAS E COMPLEMENTARES EM SA\u00daDE<\/li><li>\uf0b7 PROGRAMA DE SA\u00daDE DA FAM\u00cdLIA<\/li><li>\uf0b7 PSICAN\u00c1LISE<\/li><li>\uf0b7 PSICOLOGIA COMPORTAMENTAL E COGNITIVA<\/li><li>\uf0b7 PSICOLOGIA DO ACONSELHAMENTO FAMILIAR<\/li><li>\uf0b7 PSICOLOGIA DO DESENVOLVIMENTO INFANTO-JUVENIL<\/li><li>\uf0b7 PSICOLOGIA DO ESPORTE<\/li><li>\uf0b7 PSICOLOGIA EM EDUCA\u00c7\u00c3O<\/li><li>\uf0b7 PSICOLOGIA HOSPITALAR<\/li><li>\uf0b7 PSICOLOGIA INFANTIL<\/li><li>\uf0b7 PSICOLOGIA JUR\u00cdDICA E AVALIA\u00c7\u00c3O PSICOL\u00d3GICA<\/li><li>\uf0b7 PSICOLOGIA NA TERAPIA FAMILIAR<\/li><li>\uf0b7 PSICOLOGIA NUTRICIONAL<\/li><li>\uf0b7 PSICOLOGIA ORGANIZACIONAL<\/li><li>\uf0b7 PSICOLOGIA SOCIAL<\/li><li>\uf0b7 PSICOMOTRICIDADE<\/li><li>\uf0b7 PSICO-ONCOLOGIA<\/li><li>\uf0b7 PSICOPEDAGOGIA CLINICA E HOSPITALAR<\/li><li>\uf0b7 PSICOPEDAGOGIA CL\u00cdNICA, INSTITUCIONAL E ED. INFANTIL<\/li><li>\uf0b7 PSICOPEDAGOGIA CLINICA, INSTITUCIONAL E HOSPITALAR<\/li><li>\uf0b7 QUALIDADE EM SERVI\u00c7OS DE SA\u00daDE<\/li><li>\uf0b7 SA\u00daDE BUCAL<\/li><li>\uf0b7 SA\u00daDE COLETIVA<\/li><li>\uf0b7 SA\u00daDE DA MULHER<\/li><li>\uf0b7 SA\u00daDE IND\u00cdGENA<\/li><li>\uf0b7 SA\u00daDE MENTAL<\/li><li>\uf0b7 SA\u00daDE MENTAL COM \u00caNFASE EM DEPEND\u00caNCIA QU\u00cdMICA<\/li><li>\uf0b7 SA\u00daDE P\u00daBLICA<\/li><li>\uf0b7 SA\u00daDE PUBLICA: \u00caNFASE EM SA\u00daDE MENTAL, \u00c1LCOOL E OUTRAS DROGAS<\/li><li>\uf0b7 SEXOLOGIA<\/li><li>\uf0b7 SEXUALIDADE E PSICOLOGIA<\/li><li>\uf0b7 TERAPIA COGNITIVA E COMPORTAMENTAL<\/li><li>\uf0b7 TERAPIA FAMILIAR<\/li><li>\uf0b7 TERAPIA FLORAL<\/li><li>\uf0b7 TERAPIA ORTOMOLECULAR<\/li><li>\uf0b7 TERAPIA SEXUAL ANAL\u00cdTICO COMPORTAMENTAL<\/li><li>\uf0b7 TREINAMENTO DESPORTIVO<\/li><li>\uf0b7 URG\u00caNCIA E EMERG\u00caNCIA<\/li><li>\uf0b7 VIGIL\u00c2NCIA EPIDEMIOL\u00d3GICA E GEST\u00c3O DE SERVI\u00c7OS DE SA\u00daDE<\/li><li>\uf0b7 VIGIL\u00c2NCIA SANIT\u00c1RIA E QUALIDADE DE ALIMENTOS<\/li><li>\uf0b7 VIGIL\u00c2NCIA SANIT\u00c1RIA E SA\u00daDE<\/li><li>Para conhecer os demais cursos dispon\u00edveis,\u00a0<a href=\"https:\/\/socepel.com.br\/?page_id=6073\">clique aqui<\/a><\/li><\/ul>\n","protected":false},"excerpt":{"rendered":"<p>I \u2013 P\u00f3s-Gradua\u00e7\u00e3o Sa\u00fade Informa\u00e7\u00e3o WhatsApp 027 99788-3884 \/ 98114-0642 \/ 3032-2299 Todos os Cursos em EAD Clique aqui&nbsp;para baixar o formul\u00e1rio de pr\u00e9-matr\u00edcula. P\u00f3s-Gradua\u00e7\u00e3o ONTOLOGIA Cursos na \u00c1rea da Sa\u00fade \uf0b7 ADMINISTRA\u00c7\u00c3O HOSPITALAR \uf0b7 ANATOMIA E PATOLOGIA ASSOCIADA \uf0b7 ANATOMIA FUNCIONAL \uf0b7 ATENDIMENTO A CRIAN\u00c7AS E JOVENS EM SITUA\u00c7\u00c3O DE RISCO SOCIAL \uf0b7 AUDITORIA [&hellip;]<\/p>\n","protected":false},"author":4,"featured_media":0,"parent":0,"menu_order":0,"comment_status":"closed","ping_status":"closed","template":"","meta":{"footnotes":""},"class_list":["post-6618","page","type-page","status-publish","hentry"],"_links":{"self":[{"href":"https:\/\/socepel.com.br\/index.php?rest_route=\/wp\/v2\/pages\/6618","targetHints":{"allow":["GET"]}}],"collection":[{"href":"https:\/\/socepel.com.br\/index.php?rest_route=\/wp\/v2\/pages"}],"about":[{"href":"https:\/\/socepel.com.br\/index.php?rest_route=\/wp\/v2\/types\/page"}],"author":[{"embeddable":true,"href":"https:\/\/socepel.com.br\/index.php?rest_route=\/wp\/v2\/users\/4"}],"replies":[{"embeddable":true,"href":"https:\/\/socepel.com.br\/index.php?rest_route=%2Fwp%2Fv2%2Fcomments&post=6618"}],"version-history":[{"count":6,"href":"https:\/\/socepel.com.br\/index.php?rest_route=\/wp\/v2\/pages\/6618\/revisions"}],"predecessor-version":[{"id":7081,"href":"https:\/\/socepel.com.br\/index.php?rest_route=\/wp\/v2\/pages\/6618\/revisions\/7081"}],"wp:attachment":[{"href":"https:\/\/socepel.com.br\/index.php?rest_route=%2Fwp%2Fv2%2Fmedia&parent=6618"}],"curies":[{"name":"wp","href":"https:\/\/api.w.org\/{rel}","templated":true}]}}