{"id":6474,"date":"2020-04-09T21:54:58","date_gmt":"2020-04-09T21:54:58","guid":{"rendered":"https:\/\/socepel.com.br\/?page_id=6474"},"modified":"2022-06-26T22:24:06","modified_gmt":"2022-06-26T22:24:06","slug":"i-pos-graduacao-direito","status":"publish","type":"page","link":"https:\/\/socepel.com.br\/?page_id=6474","title":{"rendered":"I- Gradua\u00e7\u00e3o UniCV"},"content":{"rendered":"\r\n<p class=\"has-text-color has-vivid-red-color\">Informa\u00e7\u00e3o WhatsApp 273022-229\/2799834-1809\/27 99788-3884\/2798114-0642\/2799836-7228<\/p>\r\n\r\n\r\n\r\n<p>TODOS AS GRADUA\u00c7\u00c3O EAD UniCV &#8211; 2022\u00a0<br \/>Nome do Curso Grau Dura\u00e7\u00e3o<\/p>\r\n<p>GRUPO &#8211; SA\u00daDE E ENGENHARIA <br \/>Engenharia de Computa\u00e7\u00e3o Bacharelado 4 anos<br \/>Engenharia de Sistemas Bacharelado 4 anos<br \/>Engenharia de Software Bacharelado 4 anos<br \/>Engenharia em Design Digital Bacharelado 4 anos<br \/>Engenharia de Aplica\u00e7\u00e3o Bacharelado 4 anos<br \/>Engenharia de Manuten\u00e7\u00e3o e Diagn\u00f3stico Industrial Bacharelado 4 anos<br \/>Engenharia de Produ\u00e7\u00e3o Bacharelado 5 anos<br \/>Design de Interiores Tecn\u00f3logo 2 anos<br \/>Design Gr\u00e1fico Tecn\u00f3logo 2 anos<br \/>Gerontologia Tecn\u00f3logo 2 anos<br \/>Educa\u00e7\u00e3o F\u00edsica Bacharelado 4 anos<br \/>Educa\u00e7\u00e3o F\u00edsica Licenciatura 4 anos<br \/>Est\u00e9tica e Cosm\u00e9tica Tecn\u00f3logo 2,5 anos<br \/>Servi\u00e7o Social Bacharelado 4 anos<\/p>\r\n<p>GRUPO &#8211; 1 <br \/>Administra\u00e7\u00e3o<br \/>Bacharelado 4 anos<br \/>An\u00e1lise e Desenvolvimento de Sistemas Tecn\u00f3logo 2,5 anos<br \/>Biblioteconomia Bacharelado 3 anos<br \/>Ci\u00eancias Cont\u00e1beis Bacharelado 4 anos<br \/>Ci\u00eancias Econ\u00f4micas Bacharelado 4 anos<br \/>Gest\u00e3o de Recursos Humanos Tecn\u00f3logo 2 anos<br \/>Gest\u00e3o P\u00fablica Tecn\u00f3logo 2 anos<br \/>Log\u00edstica Tecn\u00f3logo 2 anos<br \/>Neg\u00f3cios Imobili\u00e1rios Tecn\u00f3logo 2 anos<br \/>Pedagogia Licenciatura 4 anos<br \/>Psicomotricidade e Ludicidade na Educa\u00e7\u00e3o Infantil Tecn\u00f3logo 2 anos<br \/>Recrutamento, Sele\u00e7\u00e3o e Desenvolvimento de Pessoas Tecn\u00f3logo 2 anos<br \/>Media\u00e7\u00e3o, Concilia\u00e7\u00e3o e Arbitragem Tecn\u00f3logo 2 anos<br \/>Gest\u00e3o de Cl\u00ednicas e Consult\u00f3rios Tecn\u00f3logo 2 anos<\/p>\r\n<p>GRUPO &#8211; 2 <br \/>Com\u00e9rcio Exterior Tecn\u00f3logo 2 anos<br \/>Gest\u00e3o Ambiental Tecn\u00f3logo 2 anos<br \/>Gest\u00e3o Comercial Tecn\u00f3logo 2 anos<br \/>Gest\u00e3o da Produ\u00e7\u00e3o Industrial Tecn\u00f3logo 3 anos<br \/>Gest\u00e3o da Tecnologia da Informa\u00e7\u00e3o Tecn\u00f3logo 2,5 anos<br \/>Seguran\u00e7a da Informa\u00e7\u00e3o Tecn\u00f3logo 2,5 anos<br \/>Gest\u00e3o de Seguran\u00e7a Privada Tecn\u00f3logo 2 anos<br \/>Gest\u00e3o de Servi\u00e7os Jur\u00eddicos e Notariais Tecn\u00f3logo 2 anos<br \/>Gest\u00e3o Financeira Tecn\u00f3logo 2 anos<br \/>Gest\u00e3o Hospitalar Tecn\u00f3logo 3 anos<br \/>Marketing Tecn\u00f3logo 2 anos<br \/>Marketing Digital Tecn\u00f3logo 2 anos<br \/>Processos Gerenciais Tecn\u00f3logo 2 anos<br \/>Psicopedagogia Bacharelado 4 anos<br \/>Seguran\u00e7a P\u00fablica Tecn\u00f3logo 2 anos<br \/>Servi\u00e7os Jur\u00eddicos Tecn\u00f3logo 2 anos<\/p>\r\n<p>GRUPO &#8211; 3 <br \/>Ci\u00eancias da Religi\u00e3o Licenciatura 4 anos<br \/>Educa\u00e7\u00e3o Especial Licenciatura 4 anos<br \/>Gest\u00e3o da Qualidade Tecn\u00f3logo 2 anos<br \/>Hist\u00f3ria Licenciatura 4 anos<br \/>Letras &#8211; L\u00edngua Portuguesa e Libras Licenciatura 4 anos<br \/>Letras &#8211; Portugu\u00eas e Espanhol Licenciatura 4 anos<br \/>Letras &#8211; Portugu\u00eas e Ingl\u00eas Licenciatura 4 anos<br \/>Rede de Computadores Tecn\u00f3logo 2,5 anos<\/p>\r\n<p>GRUPO &#8211; 4 <br \/>Artes Visuais Licenciatura 4 anos<br \/>Big Data e Intelig\u00eancia Anal\u00edtica Tecn\u00f3logo 2,5 anos<br \/>Coaching em Desenvolvimento Humano Tecn\u00f3logo 2 anos<br \/>Filosofia Licenciatura 4 anos<br \/>Geografia Licenciatura 4 anos<br \/>Gest\u00e3o de Cooperativas Tecn\u00f3logo 2 anos<br \/>Gest\u00e3o de Investimento Tecn\u00f3logo 2 anos<br \/>Gest\u00e3o de Lojas e Pontos de Vendas Tecn\u00f3logo 2 anos<br \/>Gest\u00e3o de Varejo Tecn\u00f3logo 2 anos<br \/>Internet das Coisas Tecn\u00f3logo 2,5 anos<br \/>Jogos Digitais Tecn\u00f3logo 2,5 anos<br \/>Matem\u00e1tica Licenciatura 4 anos<br \/>Secretariado Tecn\u00f3logo 2 anos<br \/>Servi\u00e7os Penais Tecn\u00f3logo 2 anos<br \/>Sistemas para Internet Tecn\u00f3logo 2,5 anos<br \/>Sociologia Licenciatura 4 anos<\/p>\r\n\r\n\r\n\r\n<p><a href=\"http:\/\/socepel.com.br\/CURSOS\/IBRA_PRE_MATRICULA_FORMULARIO.pdf\" target=\"_blank\" rel=\"noreferrer noopener\"><strong>Clique aqui<\/strong><\/a><strong>\u00a0para baixar o formul\u00e1rio de pr\u00e9-matr\u00edcula.<\/strong><\/p>\r\n\r\n\r\n\r\n\r\n\r\n<p>Para conhecer os demais cursos dispon\u00edveis,\u00a0<a href=\"https:\/\/socepel.com.br\/?page_id=6073\">clique aqui<\/a><\/p>\r\n","protected":false},"excerpt":{"rendered":"<p>Informa\u00e7\u00e3o WhatsApp 273022-229\/2799834-1809\/27 99788-3884\/2798114-0642\/2799836-7228 TODOS AS GRADUA\u00c7\u00c3O EAD UniCV &#8211; 2022\u00a0Nome do Curso Grau Dura\u00e7\u00e3o GRUPO &#8211; SA\u00daDE E ENGENHARIA Engenharia de Computa\u00e7\u00e3o Bacharelado 4 anosEngenharia de Sistemas Bacharelado 4 anosEngenharia de Software Bacharelado 4 anosEngenharia em Design Digital Bacharelado 4 anosEngenharia de Aplica\u00e7\u00e3o Bacharelado 4 anosEngenharia de Manuten\u00e7\u00e3o e Diagn\u00f3stico Industrial Bacharelado 4 anosEngenharia [&hellip;]<\/p>\n","protected":false},"author":4,"featured_media":0,"parent":0,"menu_order":0,"comment_status":"closed","ping_status":"closed","template":"","meta":{"footnotes":""},"class_list":["post-6474","page","type-page","status-publish","hentry"],"_links":{"self":[{"href":"https:\/\/socepel.com.br\/index.php?rest_route=\/wp\/v2\/pages\/6474","targetHints":{"allow":["GET"]}}],"collection":[{"href":"https:\/\/socepel.com.br\/index.php?rest_route=\/wp\/v2\/pages"}],"about":[{"href":"https:\/\/socepel.com.br\/index.php?rest_route=\/wp\/v2\/types\/page"}],"author":[{"embeddable":true,"href":"https:\/\/socepel.com.br\/index.php?rest_route=\/wp\/v2\/users\/4"}],"replies":[{"embeddable":true,"href":"https:\/\/socepel.com.br\/index.php?rest_route=%2Fwp%2Fv2%2Fcomments&post=6474"}],"version-history":[{"count":5,"href":"https:\/\/socepel.com.br\/index.php?rest_route=\/wp\/v2\/pages\/6474\/revisions"}],"predecessor-version":[{"id":7613,"href":"https:\/\/socepel.com.br\/index.php?rest_route=\/wp\/v2\/pages\/6474\/revisions\/7613"}],"wp:attachment":[{"href":"https:\/\/socepel.com.br\/index.php?rest_route=%2Fwp%2Fv2%2Fmedia&parent=6474"}],"curies":[{"name":"wp","href":"https:\/\/api.w.org\/{rel}","templated":true}]}}