{"id":6376,"date":"2020-03-29T21:31:06","date_gmt":"2020-03-29T21:31:06","guid":{"rendered":"https:\/\/socepel.com.br\/?page_id=6376"},"modified":"2021-01-13T13:30:41","modified_gmt":"2021-01-13T13:30:41","slug":"i-pos-graduacao-educacao","status":"publish","type":"page","link":"https:\/\/socepel.com.br\/?page_id=6376","title":{"rendered":"I \u2013 P\u00f3s-Gradua\u00e7\u00e3o Educa\u00e7\u00e3o"},"content":{"rendered":"\r\n<p class=\"has-vivid-red-color has-text-color\">Informa\u00e7\u00e3o WhatsApp 027 99788-3884 \/ 98114-0642 \/ 3032-2299<\/p>\r\n\r\n\r\n\r\n<p class=\"has-vivid-red-color has-text-color\">Todos os Cursos em EAD<\/p>\r\n\r\n\r\n\r\n<p><a href=\"http:\/\/socepel.com.br\/CURSOS\/IBRA_PRE_MATRICULA_FORMULARIO.pdf\" target=\"_blank\" rel=\"noreferrer noopener\"><strong>Clique aqui<\/strong><\/a><strong>\u00a0para baixar o formul\u00e1rio de pr\u00e9-matr\u00edcula.<\/strong><\/p>\r\n<p>Para acessar este documento \u00e9 necess\u00e1rio ter o Adobe Acrobat Reader instalado em seu equipamento.<br \/>Caso n\u00e3o tenha instalado, clique em um dos links abaixo:<br \/><span style=\"color: #0000ff;\"><a style=\"color: #0000ff;\" href=\"https:\/\/get2.adobe.com\/br\/reader\/\" target=\"_blank\" rel=\"noreferrer noopener\">Windows<\/a> | <a style=\"color: #0000ff;\" href=\"https:\/\/play.google.com\/store\/apps\/details?id=com.adobe.reader&amp;hl=pt_BR&amp;gl=US\" target=\"_blank\" rel=\"noreferrer noopener\">Android <\/a>| <a style=\"color: #0000ff;\" href=\"https:\/\/apps.apple.com\/br\/app\/adobe-acrobat-reader-ler-pdf\/id469337564\" target=\"_blank\" rel=\"noreferrer noopener\">IPhone<\/a><\/span><\/p>\r\n<h2 style=\"text-align: center;\">\u00a0<span style=\"color: #ff0000;\"><strong>Cursos na \u00c1rea da Educa\u00e7\u00e3o<\/strong><\/span><\/h2>\r\n\r\n\r\n\r\n<ul class=\"wp-block-list\">\r\n<li><a href=\"http:\/\/socepel.com.br\/CURSOS\/pos_graduacao_ead_libras.pdf\" target=\"_blank\" rel=\"noreferrer noopener\" aria-label=\"P\u00f3s-Gradua\u00e7\u00e3o LIBRAS (abre numa nova aba)\">P\u00f3s-Gradua\u00e7\u00e3o LIBRAS<\/a><\/li>\r\n<li><a href=\"http:\/\/socepel.com.br\/CURSOS\/pos_graduacao_ead_libras_tils_traducao_e_interpretacao.pdf\" target=\"_blank\" rel=\"noreferrer noopener\" aria-label=\"P\u00f3s-Gradua\u00e7\u00e3o LIBRAS -TILS\/ Tradu\u00e7\u00e3o e Interpreta\u00e7\u00e3o da L\u00edngua Brasileira de Sinais (abre numa nova aba)\">P\u00f3s-Gradua\u00e7\u00e3o LIBRAS -TILS\/ Tradu\u00e7\u00e3o e Interpreta\u00e7\u00e3o da L\u00edngua Brasileira de Sinais<\/a><\/li>\r\n<li><a href=\"http:\/\/socepel.com.br\/CURSOS\/pos_graduacao_braille_e_libras.pdf\" target=\"_blank\" rel=\"noreferrer noopener\" aria-label=\"P\u00f3s-Gradua\u00e7\u00e3o BRAILLE E LIBRAS (abre numa nova aba)\">P\u00f3s-Gradua\u00e7\u00e3o BRAILLE E LIBRAS<\/a><\/li>\r\n<\/ul>\r\n<p style=\"text-align: center;\">\u00a0<\/p>\r\n<ol>\r\n<li>EDUCA\u00c7\u00c3O ESPECIAL E INCLUSIVA COM \u00caNFASE EM COMUNICA\u00c7\u00c3O ALTERNATIVA ABA &#8211; AN\u00c1LISE DO COMPORTAMENTO APLICADA &#8211; 580 HORAS &#8211; (F001)<\/li>\r\n<li>ACONSELHAMENTO PASTORAL \u2013 620 HORAS &#8211; (F001)<\/li>\r\n<li>ADMINISTRA\u00c7\u00c3O E INSPE\u00c7\u00c3O ESCOLAR &#8211; 720 HORAS &#8211; (F001)<\/li>\r\n<li>ADMINISTRA\u00c7\u00c3O ESCOLAR &#8211; 580 HORAS &#8211; (F001)<\/li>\r\n<li>ADMINISTRA\u00c7\u00c3O ESCOLAR, ORIENTA\u00c7\u00c3O E SUPERVIS\u00c3O \u2013 1.000 HORAS \u2013(F001)<\/li>\r\n<li>ALFABETIZA\u00c7\u00c3O E LETRAMENTO &#8211; 580 HORAS &#8211; (F001)<\/li>\r\n<li>ALFABETIZA\u00c7\u00c3O E LETRAMENTO &#8211; 372 HORAS &#8211; (F002)<\/li>\r\n<li>ALFABETIZA\u00c7\u00c3O E LETRAMENTO- ANOS INICIAIS E EJA \u2013 740 HORAS \u2013 (F001)<\/li>\r\n<li>ALFABETIZA\u00c7\u00c3O E LETRAMENTO DE CRIAN\u00c7AS &#8211; 600 HORAS &#8211; (F001)<\/li>\r\n<li>ANTROPOLOGIA \u2013 620 HORAS &#8211; (F001)<\/li>\r\n<li>ARTES NA EDUCA\u00c7\u00c3O &#8211; 420 HORAS &#8211; (F001)<\/li>\r\n<li>ARTES VISUAIS \u2013 620 HORAS &#8211; (F001)<\/li>\r\n<li>ARTETERAPIA \u2013 660 HORAS &#8211; (F001)<\/li>\r\n<li>ATENDIMENTO EDUCACIONAL ESPECIALIZADO &#8211; 480 HORAS \u2013 (F002)<\/li>\r\n<li>ATENDIMENTO EDUCACIONAL ESPECIALIZADO \u2013 740 HORAS \u2013(F001)<\/li>\r\n<li>ATENDIMENTO EDUCACIONAL ESPECIALIZADO E EDUCA\u00c7\u00c3O INCLUSIVA &#8211; 580HORAS &#8211; (F001)<\/li>\r\n<li>ATENDIMENTO EDUCACIONAL ESPECIALIZADO EM SALA DE RECURSOSMULTIFUNCIONAIS &#8211; 760 HORAS &#8211; (F001)<\/li>\r\n<li>ATIVIDADE F\u00cdSICA E SA\u00daDE &#8211; 620 HORAS &#8211; (F001)<\/li>\r\n<li>AUTISMO \u2013 620 HORAS &#8211; (F001)<\/li>\r\n<li>AVALIA\u00c7\u00c3O EDUCACIONAL \u2013 360 HORAS \u2013 (F003)<\/li>\r\n<li>BIBLIOTECA ESCOLAR &#8211; 360 HORAS &#8211; (F001)<\/li>\r\n<li>BIBLIOTECONOMIA &#8211; 580 HORAS &#8211; (F001)<\/li>\r\n<li>BIOLOGIA CELULAR E MOLECULAR &#8211; 720 HORAS &#8211; (F001)<\/li>\r\n<li><a href=\"http:\/\/socepel.com.br\/CURSOS\/pos_graduacao_braille_e_libras.pdf\">BRAILLE E LIBRAS &#8211; 620 HORAS &#8211; (F001)<\/a><\/li>\r\n<li>BRAILLE E TECNOLOGIA ASSISTIVA \u2013 1.000 HORAS &#8211; (F001)<\/li>\r\n<li>CI\u00caNCIA DA RELIGI\u00c3O &#8211; 580 HORAS &#8211; (F001)<\/li>\r\n<li>CIENCIAS DA RELIGI\u00c3O \u2013 372 HORAS &#8211; (F002)<\/li>\r\n<li>COMUNICA\u00c7\u00c3O ALTERNATIVA E TECNOLOGIA ASSISTIVA &#8211; 620 HORAS -(F001)<\/li>\r\n<li>COORDENA\u00c7\u00c3O PEDAG\u00d3GICA \u2013 720 HORAS &#8211; (F001)<\/li>\r\n<li>DEFICI\u00caNCIA F\u00cdSICA &#8211; 360 HORAS \u2013 (F004)<\/li>\r\n<li>DEFICI\u00caNCIA INTELECTUAL &#8211; 580 HORAS &#8211; (F001)<\/li>\r\n<li>DEFICI\u00caNCIA INTELECTUAL &#8211; 620 HORAS \u2013 (F004)<\/li>\r\n<li>DEFICI\u00caNCIAS M\u00daLTIPLAS E INTELECTUAIS &#8211; 880 HORAS &#8211; (F001)<\/li>\r\n<li>DIREITO EDUCACIONAL &#8211; 600 HORAS &#8211; (F001)<\/li>\r\n<li>DOC\u00caNCIA DO ENSINO RELIGIOSO &#8211; 580 HORAS &#8211; (F001)<\/li>\r\n<li>DOC\u00caNCIA DO ENSINO SUPERIOR &#8211; 580 HORAS &#8211; (F001)<\/li>\r\n<li>DOC\u00caNCIA DO ENSINO SUPERIOR E EDUCA\u00c7\u00c3O F\u00cdSICA &#8211; 620 HORAS \u2013 (F001)<\/li>\r\n<li>DOC\u00caNCIA DO ENSINO SUPERIOR E TUTORIA DE EDUCA\u00c7\u00c3O A DISTANCIA &#8211; 600HORAS &#8211; (F001)<\/li>\r\n<li>DOC\u00caNCIA DO ENSINO SUPERIOR E TUTORIA EM EDUCA\u00c7\u00c3O A DIST\u00c2NCIA \u2013 720HORAS &#8211; (F004)<\/li>\r\n<li>DOC\u00caNCIA DO ENSINO SUPERIOR, GEST\u00c3O E TUTORIA EAD &#8211; 580 HORAS \u2013(F001)<\/li>\r\n<li>DOC\u00caNCIA NO ENSINO M\u00c9DIO, T\u00c9CNICO E SUPERIOR &#8211; 480 HORAS \u2013 (F002)<\/li>\r\n<li>DOC\u00caNCIA PARA O ENSINO SUPERIOR &#8211; 360 HORAS &#8211; (F004)<\/li>\r\n<li>EDUCA\u00c7\u00c3O CRIST\u00c3 -620 HORAS &#8211; (F001)<\/li>\r\n<li>EDUCA\u00c7\u00c3O DE JOVENS E ADULTOS \u2013 480 HORAS &#8211; (F002)<\/li>\r\n<li>EDUCA\u00c7\u00c3O DE JOVENS E ADULTOS \u2013 EJA &#8211; 580 HORAS &#8211; (F001)<\/li>\r\n<li>EDUCA\u00c7\u00c3O DE JOVENS E ADULTOS EJA- 370 HORAS &#8211; (F004)<\/li>\r\n<li>EDUCA\u00c7\u00c3O DO CAMPO, IND\u00cdGENA OU QUILOMBOLA &#8211; 420 HORAS \u2013 (F001)<\/li>\r\n<li>EDUCA\u00c7\u00c3O EM TEMPO INTEGRAL \u2013 660 HORAS &#8211; (F001)<\/li>\r\n<li>EDUCA\u00c7\u00c3O EM UNIDADES PRISIONAIS &#8211; 580 HORAS &#8211; (F001)<\/li>\r\n<li>EDUCA\u00c7\u00c3O ESPECIAL &#8211; 580 HORAS &#8211; (F001)<\/li>\r\n<li>EDUCA\u00c7\u00c3O ESPECIAL AEE &#8211; 400 HORAS \u2013 (F004)<\/li>\r\n<li>EDUCA\u00c7\u00c3O ESPECIAL COM \u00caNFASE EM DEFICI\u00caNCIA AUDITIVA- 700 HORAS \u2013 (F001)<\/li>\r\n<li>EDUCA\u00c7\u00c3O ESPECIAL COM ENFASE EM DEFICI\u00caNCIA INTELECTUAL \u2013 660 HORAS &#8211; (F002)<\/li>\r\n<li>EDUCA\u00c7\u00c3O ESPECIAL COM \u00caNFASE EM DEFICI\u00caNCIA VISUAL \u2013 620 HORAS \u2013 (F004)<\/li>\r\n<li>EDUCA\u00c7\u00c3O ESPECIAL E ATENDIMENTO EDUCACIONAL ESPECIALIZADO \u2013 412 HORAS &#8211; (F002)<\/li>\r\n<li>EDUCA\u00c7\u00c3O ESPECIAL E INCLUSIVA &#8211; 420 HORAS \u2013 (F001)<\/li>\r\n<li>EDUCA\u00c7\u00c3O ESPECIAL E INCLUSIVA \u2013 640 HORAS &#8211; (F001)<\/li>\r\n<li>EDUCA\u00c7\u00c3O ESPECIAL E INCLUSIVA COM \u00caNFASE EM COMUNICA\u00c7\u00c3O ALTERNATIVA E TECNOLOGIA ASSISTIVA &#8211; 580 HORAS &#8211; (F001)<\/li>\r\n<li>EDUCA\u00c7\u00c3O ESPECIAL E INCLUSIVA COM \u00caNFASE EM COMUNICA\u00c7\u00c3O ALTERNATIVA &#8211; 580 HORAS &#8211; (F001)<\/li>\r\n<li>EDUCA\u00c7\u00c3O ESPECIAL E INCLUSIVA COM \u00caNFASE EM DEFICI\u00caNCIA M\u00daLTIPLA E DEFICI\u00caNCIA INTELECTUAL &#8211; 560 HORAS &#8211; (F001)<\/li>\r\n<li>EDUCA\u00c7\u00c3O ESPECIAL E INCLUSIVA COM \u00caNFASE EM DEFICI\u00caNCIAS M\u00daLTIPLAS E INTELECTUAIS &#8211; 580 HORAS &#8211; (F001)<\/li>\r\n<li>EDUCA\u00c7\u00c3O ESPECIAL E INCLUSIVA COM \u00caNFASE EM EDUCA\u00c7\u00c3O MUSICAL \u2013 580 HORAS \u2013 (F001)<\/li>\r\n<li>EDUCA\u00c7\u00c3O ESPECIAL E LUDOPEDAGOGIA &#8211; 580 HORAS &#8211; (F001)<\/li>\r\n<li>EDUCA\u00c7\u00c3O ESPECIAL E TGD \u2013 700 HORAS &#8211; (F001)<\/li>\r\n<li>EDUCA\u00c7\u00c3O ESPECIAL INCLUSIVA &#8211; 372 HORAS &#8211; (F002)<\/li>\r\n<li>EDUCA\u00c7\u00c3O ESPECIAL INCLUSIVA COM ENFASE EM DEFICI\u00caNCIA INTELECTUAL \u2013 1.500 HORAS &#8211; (F002)<\/li>\r\n<li>EDUCA\u00c7\u00c3O ESPECIAL INCLUSIVA, PSICOPEDAGOGIA CL\u00cdNICA E NEUROPSICOPEDAGOGIA CL\u00cdNICA, INSTITUCIONAL E HOSPITALAR \u2013 540 HORAS &#8211; (F002)<\/li>\r\n<li>EDUCA\u00c7\u00c3O ESPECIAL\/INCLUSIVA COM ENFASE EM TRANSTORNO DO ESPECTRO AUTISTA \u2013 TEA \u2013 420 HORAS \u2013 (F001)<\/li>\r\n<li>EDUCA\u00c7\u00c3O F\u00cdSICA ADAPTADA A INCLUS\u00c3O &#8211; 560 HORAS &#8211; (F001)<\/li>\r\n<li>EDUCA\u00c7\u00c3O F\u00cdSICA E ESPORTE NA ESCOLA &#8211; 580 HORAS \u2013 (F001)<\/li>\r\n<li>EDUCA\u00c7\u00c3O F\u00cdSICA ESCOLAR &#8211; 450 HORAS \u2013 (F004)<\/li>\r\n<li>EDUCA\u00c7\u00c3O F\u00cdSICA ESCOLAR &#8211; 480 HORAS &#8211; (F002)<\/li>\r\n<li>EDUCA\u00c7\u00c3O F\u00cdSICA ESCOLAR &#8211; 580 HORAS &#8211; (F001)<\/li>\r\n<li>EDUCA\u00c7\u00c3O F\u00cdSICA ESCOLAR E EDUCA\u00c7\u00c3O INFANTIL &#8211; 580 HORAS &#8211; (F001)<\/li>\r\n<li>EDUCA\u00c7\u00c3O F\u00cdSICA ESCOLAR E RECREA\u00c7\u00c3O \u2013 360 HORAS &#8211; (F001)<\/li>\r\n<li>EDUCA\u00c7\u00c3O F\u00cdSICA ESCOLAR E TREINAMENTO DESPORTIVO &#8211; 580 HORAS &#8211; (F001)<\/li>\r\n<li>EDUCA\u00c7\u00c3O F\u00cdSICA NO ENSINO FUNDAMENTAL &#8211; 420 HORAS \u2013 (F001)<\/li>\r\n<li>EDUCA\u00c7\u00c3O INCLUSIVA &#8211; 390 HORAS &#8211; (F004)<\/li>\r\n<li>EDUCA\u00c7\u00c3O INCLUSIVA \u2013 840 HORAS &#8211; (F001)<\/li>\r\n<li>EDUCA\u00c7\u00c3O INCLUSIVA COM ENF EM AVALIA\u00c7\u00c3O E DIAGN\u00d3STICO ESCOLAR &#8211; 580 HORAS &#8211; (F001)<\/li>\r\n<li>EDUCA\u00c7\u00c3O INFANTIL &#8211; 480 HORAS &#8211; (F002)<\/li>\r\n<li>EDUCA\u00c7\u00c3O INFANTIL &#8211; 580 HORAS &#8211; (F001)<\/li>\r\n<li>EDUCA\u00c7\u00c3O INFANTIL COM \u00caNFASE NA INCLUS\u00c3O &#8211; 460 HORAS &#8211; (F004)<\/li>\r\n<li>EDUCA\u00c7\u00c3O INFANTIL E EDUCA\u00c7\u00c3O INCLUSIVA ESPECIAL &#8211; 580 HORAS &#8211; (F001)<\/li>\r\n<li>EDUCA\u00c7\u00c3O INFANTIL E ESPECIAL \u2013 370 HORAS &#8211; (F004)<\/li>\r\n<li>EDUCA\u00c7\u00c3O INFANTIL E SERIES INICIAIS &#8211; 580 HORAS &#8211; (F001)<\/li>\r\n<li>EDUCA\u00c7\u00c3O INFANTIL, ALFABETIZA\u00c7\u00c3O E LETRAMENTO &#8211; 580 HORAS &#8211; (F001)<\/li>\r\n<li>EDUCA\u00c7\u00c3O INFANTIL, ESPECIAL E TGD &#8211; 360 HORAS &#8211; (F001)<\/li>\r\n<li>EDUCA\u00c7\u00c3O INFANTIL: LETRAMENTO \u2013 370 HORAS &#8211; (F004)<\/li>\r\n<li>EDUCA\u00c7\u00c3O MATEM\u00c1TICA &#8211; 360 HORAS &#8211; (F001)<\/li>\r\n<li>EDUCA\u00c7\u00c3O MATEM\u00c1TICA COMPARADA &#8211; 420 HORAS \u2013 (F001)<\/li>\r\n<li>EDUCA\u00c7\u00c3O MUSICAL \u2013 480 HORAS &#8211; (F002)<\/li>\r\n<li>EDUCA\u00c7\u00c3O MUSICAL &#8211; 580 HORAS &#8211; (F001)<\/li>\r\n<li>EDUCA\u00c7\u00c3O MUSICAL E ENSINO DE ARTES &#8211; 580 HORAS &#8211; (F001)<\/li>\r\n<li>EDUCA\u00c7\u00c3O NO CAMPO \u2013 520 HORAS &#8211; (F001)<\/li>\r\n<li>EDUCA\u00c7\u00c3O PSICOMOTORA &#8211; 420 HORAS \u2013 (F001)<\/li>\r\n<li>EDUCA\u00c7\u00c3O SEXUAL &#8211; 472 HORAS &#8211; (F002)<\/li>\r\n<li>EDUCA\u00c7\u00c3O SOCIAL \u2013 360 HORAS &#8211; (F001)<\/li>\r\n<li>ENSINO DE BIOLOGIA &#8211; 360 HORAS \u2013 (F004)<\/li>\r\n<li>ENSINO DE MATEM\u00c1TICA &#8211; 580 HORAS &#8211; (F001)<\/li>\r\n<li>ENSINO DE MATEM\u00c1TICA E F\u00cdSICA &#8211; 580 HORAS &#8211; (F001)<\/li>\r\n<li>ENSINO DE SOCIOLOGIA &#8211; 420 HORAS &#8211; (F001)<\/li>\r\n<li>ENSINO RELIGIOSO \u2013 420 HORAS &#8211; (F001)<\/li>\r\n<li>\u00c9TICA, FILOSOFIA E SOCIOLOGIA &#8211; 360 HORAS &#8211; (F001)<\/li>\r\n<li>FILOSOFIA E SOCIOLOGIA &#8211; 420 HORAS &#8211; (F001)<\/li>\r\n<li>F\u00cdSICA E QU\u00cdMICA \u2013 620 HORAS &#8211; (F001)<\/li>\r\n<li>FORMA\u00c7\u00c3O DE GESTORES EDUCACIONAIS -360 HORAS \u2013 (F004)<\/li>\r\n<li>FORMA\u00c7\u00c3O PROF EDU B\u00c1SICA C. \u00caNF. EM DIRETRIZES CURRICULARES &#8211; 360 HORAS \u2013 (F001)<\/li>\r\n<li>FUNDAMENTOS E ENSINAMENTOS DA FILOSOFIA, SOCIOLOGIA E ANTROPOLOGIA \u2013 420 HORAS \u2013 (F001)<\/li>\r\n<li>GEOGRAFIA E MEIO AMBIENTE &#8211; 580 HORAS &#8211; (F001)<\/li>\r\n<li>GEST\u00c3O DE EDUCA\u00c7\u00c3O SEXUAL \u2013 390 HORAS &#8211; (F004)<\/li>\r\n<li>GEST\u00c3O DO TRABALHO PEDAG\u00d3GICO: SUPERVIS\u00c3O, ORIENTA\u00c7\u00c3O, INSPE\u00c7\u00c3O E ADMINISTRA\u00c7\u00c3O ESCOLAR &#8211; 620 HORAS \u2013 (F001)<\/li>\r\n<li>GEST\u00c3O EDUCACIONAL \u2013 1.000 HORAS &#8211; (F001)<\/li>\r\n<li>GEST\u00c3O EDUCACIONAL &#8211; 450 HORAS \u2013 (F004)<\/li>\r\n<li>GEST\u00c3O EDUCACIONAL E EDUCA\u00c7\u00c3O INFANTIL &#8211; 480 HORAS \u2013 (F004)<\/li>\r\n<li>GEST\u00c3O ESCOLAR &#8211; (ADMINISTRA\u00c7\u00c3O, ORIENTA\u00c7\u00c3O E SUPERVIS\u00c3O) &#8211; 580 HORAS &#8211; (F001)<\/li>\r\n<li>GEST\u00c3O ESCOLAR &#8211; 720 HORAS \u2013 (F001)<\/li>\r\n<li>GEST\u00c3O ESCOLAR E COORDENA\u00c7\u00c3O PEDAG\u00d3GICA \u2013 720 HORAS \u2013 (F001)<\/li>\r\n<li>HIST\u00d3RIA \u2013 420 HORAS \u2013 (F001)<\/li>\r\n<li>HIST\u00d3RIA DA ARTE \u2013 360 HORAS \u2013 (F004)<\/li>\r\n<li>HIST\u00d3RIA DO BRASIL \u2013 420 HORAS \u2013 (F001)<\/li>\r\n<li>HIST\u00d3RIA E CULTURA AFRO BRASILEIRA &#8211; 580 HORAS &#8211; (F001)<\/li>\r\n<li>INFORM\u00c1TICA NA EDUCA\u00c7\u00c3O &#8211; 580 HORAS &#8211; (F001)<\/li>\r\n<li>INSPE\u00c7\u00c3O ESCOLAR \u2013 840 HORAS &#8211; (F001)<\/li>\r\n<li>LEGISLA\u00c7\u00c3O EDUCACIONAL \u2013 520 HORAS \u2013 (F001)<\/li>\r\n<li>LETRAS METODOLOGIA DO ENSINO DA L\u00cdNGUA PORTUGUESA E INGLESA &#8211; 420 HORAS \u2013 (F001)<\/li>\r\n<li>LETRAS, PORTUGU\u00caS E LITERATURA &#8211; 580 HORAS &#8211; (F001)<\/li>\r\n<li><a href=\"http:\/\/socepel.com.br\/CURSOS\/pos_graduacao_ead_libras.pdf\">LIBRAS \u2013 420 HORAS \u2013 (F001)<\/a><\/li>\r\n<li><a href=\"http:\/\/socepel.com.br\/CURSOS\/pos_graduacao_ead_libras_tils_traducao_e_interpretacao.pdf\">LIBRAS &#8211; TILS\/ TRADU\u00c7\u00c3O E INTERPRETA\u00c7\u00c3O DA L\u00cdNGUA BRASILEIRA DE SINAIS &#8211; 580 HORAS &#8211; (F001)<\/a><\/li>\r\n<li>L\u00cdNGUA PORTUGUESA COM LITERATURA &#8211; 450 HORAS \u2013 (F004)<\/li>\r\n<li>L\u00cdNGUA PORTUGUESA E LITERATURA APLICADA AO ENSINO \u2013 450 HORAS \u2013 (F004)<\/li>\r\n<li>L\u00cdNGUA PORTUGUESA E LITERATURA BRASILEIRA &#8211; 580 HORAS &#8211; (F001)<\/li>\r\n<li>L\u00cdNGUA PORTUGUESA, ORAT\u00d3RIA E REDA\u00c7\u00c3O &#8211; 372 HORAS &#8211; (F002)<\/li>\r\n<li>L\u00cdNGUA, LINGU\u00cdSTICA E LITERATURA &#8211; 580 HORAS &#8211; (F001)<\/li>\r\n<li>LINGU\u00cdSTICA APLICADA \u2013 420 HORAS \u2013 (F004)<\/li>\r\n<li>LINGU\u00cdSTICA APLICADA A EDUCA\u00c7\u00c3O &#8211; 620 HORAS- (F001)<\/li>\r\n<li>LINGU\u00cdSTICA E PRODU\u00c7\u00c3O TEXTUAL \u2013 420 HORAS- (F001)<\/li>\r\n<li>LUDOPEDAGOGIA &#8211; 580 HORAS &#8211; (F001)<\/li>\r\n<li>LUDOPEDAGOGIA E EDUCA\u00c7\u00c3O INFANTIL &#8211; 580 HORAS &#8211; (F001)<\/li>\r\n<li>MATEM\u00c1TICA FINANCEIRA E ESTAT\u00cdSTICA &#8211; 580 HORAS &#8211; (F001)<\/li>\r\n<li>METODOLOGIA DA L\u00cdNGUA ESPANHOLA E L\u00cdNGUA INGLESA \u2013 620 HORAS \u2013 (F001)<\/li>\r\n<li>METODOLOGIA DE ENSINO DE GEOGRAFIA E MEIO AMBIENTE &#8211; 580 HORAS \u2013 (F001)<\/li>\r\n<li>METODOLOGIA DE L\u00cdNGUA PORTUGUESA E LITERATURA &#8211; 360 HORAS &#8211; (F001)<\/li>\r\n<li>METODOLOGIA DO ENSINO DE ARTES &#8211; 580 HORAS &#8211; (F001)<\/li>\r\n<li>METODOLOGIA DO ENSINO DE BIOLOGIA &#8211; 580 HORAS &#8211; (F001)<\/li>\r\n<li>METODOLOGIA DO ENSINO DE BIOLOGIA E QU\u00cdMICA -580 HORAS &#8211; (F001)<\/li>\r\n<li>METODOLOGIA DO ENSINO DE CI\u00caNCIAS &#8211; 360 HORAS &#8211; (F001)<\/li>\r\n<li>METODOLOGIA DO ENSINO DE FILOSOFIA &#8211; 580 HORAS &#8211; (F001)<\/li>\r\n<li>METODOLOGIA DO ENSINO DE F\u00cdSICA &#8211; 580 HORAS &#8211; (F001)<\/li>\r\n<li>METODOLOGIA DO ENSINO DE GEOGRAFIA &#8211; 580 HORAS &#8211; (F001)<\/li>\r\n<li>METODOLOGIA DO ENSINO DE GEOGRAFIA E HIST\u00d3RIA &#8211; 580 HORAS &#8211; (F001)<\/li>\r\n<li>METODOLOGIA DO ENSINO DE GEOGRAFIA E MEIO AMBIENTE &#8211; 360 HORAS &#8211; (F004)<\/li>\r\n<li>METODOLOGIA DO ENSINO DE HIST\u00d3RIA &#8211; 580 HORAS &#8211; (F001)<\/li>\r\n<li>METODOLOGIA DO ENSINO DE L\u00cdNGUA ESPANHOLA &#8211; 580 HORAS &#8211; (F001)<\/li>\r\n<li>METODOLOGIA DO ENSINO DE L\u00cdNGUA INGLESA &#8211; 580 HORAS &#8211; (F001)<\/li>\r\n<li>METODOLOGIA DO ENSINO DE L\u00cdNGUA PORTUGUESA &#8211; 580 HORAS &#8211; (F001)<\/li>\r\n<li>METODOLOGIA DO ENSINO DE L\u00cdNGUA PORTUGUESA E INGLESA &#8211; 720 HORAS &#8211; (F001)<\/li>\r\n<li>METODOLOGIA DO ENSINO DE L\u00cdNGUA PORTUGUESA, LITERATURA E L\u00cdNGUA INGLESA- 620 HORAS \u2013 (F001)<\/li>\r\n<li>METODOLOGIA DO ENSINO DE MATEM\u00c1TICA &#8211; 420 HORAS &#8211; (F001)<\/li>\r\n<li>METODOLOGIA DO ENSINO DE MATEM\u00c1TICA E F\u00cdSICA &#8211; 420 HORAS &#8211; (F001)<\/li>\r\n<li>METODOLOGIA DO ENSINO DE M\u00daSICA &#8211; 580 HORAS &#8211; (F001)<\/li>\r\n<li>METODOLOGIA DO ENSINO DE QU\u00cdMICA &#8211; 580 HORAS &#8211; (F001)<\/li>\r\n<li>METODOLOGIA DO ENSINO EM CI\u00caNCIAS E BIOLOGIA \u2013 420 HORAS &#8211; (F001)<\/li>\r\n<li>METODOLOGIA DO ENSINO SUPERIOR -360 HORAS &#8211; (F004)<\/li>\r\n<li>METODOLOGIAS ATIVAS \u2013 540 HORAS &#8211; (F001)<\/li>\r\n<li>METODOLOGIAS ATIVAS DA APRENDIZAGEM &#8211; 480 HORAS \u2013 (F004)<\/li>\r\n<li>MONITOR DE ATIVIDADE INFANTIL &#8211; 460 HORAS &#8211; (F001)<\/li>\r\n<li>NEUROCI\u00caNCIA E APRENDIZAGEM &#8211; 580 HORAS &#8211; (F001)<\/li>\r\n<li>NEUROCI\u00caNCIAS \u2013 450 HORAS &#8211; (F002)<\/li>\r\n<li>NEUROPEDAGOGIA- 372 HORAS &#8211; (F002)<\/li>\r\n<li>NEUROPEDAGOGIA CLINICA E INSTITUCIONAL \u2013 540 HORAS &#8211; (F002)<\/li>\r\n<li>NEUROPEDAGOGIA E GEST\u00c3O DAS DIFICULDADES E APRENDIZAGEM \u2013 480 HORAS &#8211; (F002)<\/li>\r\n<li>NEUROPSICOLOGIA E PROBLEMAS DE APRENDIZAGEM \u2013 720 HORAS \u2013 (F001)<\/li>\r\n<li>NEUROPSICOPEDAGOGIA \u2013 580 HORAS &#8211; (F001)<\/li>\r\n<li>NEUROPSICOPEDAGOGIA HOSPITALAR &#8211; 620 HORAS \u2013 (F001)<\/li>\r\n<li>NOVAS TECNOLOGIAS EDUCACIONAIS &#8211; 580 HORAS \u2013 (F001)<\/li>\r\n<li><a href=\"http:\/\/socepel.com.br\/CURSOS\/p%C3%B3s%20gradua%C3%A7%C3%A3o%20ead%20ontologia.pdf\">ONTOLOGIA \u2013 360 HORAS \u2013 (F003)<\/a><\/li>\r\n<li>ORIENTA\u00c7\u00c3O EDUCACIONAL &#8211; 580 HORAS \u2013 (F001)<\/li>\r\n<li>ORIENTA\u00c7\u00c3O EDUCACIONAL -360 HORAS &#8211; (F004)<\/li>\r\n<li>ORIENTA\u00c7\u00c3O ESCOLAR &#8211; 580 HORAS \u2013 (F001)<\/li>\r\n<li>PEDAGOGIA EMPRESARIAL &#8211; 580 HORAS \u2013 (F001)<\/li>\r\n<li>PEDAGOGIA EMPRESARIAL \u2013 660 HORAS &#8211; (F002)<\/li>\r\n<li>PEDAGOGIA HOSPITALAR \u2013 420 HORAS &#8211; (F002)<\/li>\r\n<li>PEDAGOGIA HOSPITALAR \u2013 420 HORAS \u2013 (F001)<\/li>\r\n<li>PEDAGOGIA HOSPITALAR E CARCER\u00c1RIA &#8211; 580 HORAS \u2013 (F001)<\/li>\r\n<li>PEDAGOGIA SOCIAL &#8211; 580 HORAS \u2013 (F001)<\/li>\r\n<li>PEDAGOGIA SOCIAL E EDUCA\u00c7\u00c3O DE JOVENS E ADULTOS \u2013 EJA &#8211; 580 HORAS \u2013 (F001)<\/li>\r\n<li>PSICOLOGIA DO ACONSELHAMENTO FAMILIAR E ESCOLAR \u2013 580 HORAS \u2013 (F001)<\/li>\r\n<li>PSICOLOGIA EDUCACIONAL &#8211; 360 HORAS \u2013 (F003)<\/li>\r\n<li>PSICOLOGIA EM EDUCA\u00c7\u00c3O &#8211; 620 HORAS &#8211; (F001)<\/li>\r\n<li>PSICOMOTRICIDADE \u2013 372 HORAS &#8211; (F002)<\/li>\r\n<li>PSICOMOTRICIDADE &#8211; 580 HORAS \u2013 (F001)<\/li>\r\n<li>PSICOPEDAGOGIA &#8211; 360 HORAS &#8211; (F001)<\/li>\r\n<li>PSICOPEDAGOGIA \u2013 580 HORAS &#8211; (F004)<\/li>\r\n<li>PSICOPEDAGOGIA CL\u00cdNICA &#8211; 420 HORAS \u2013 (F004)<\/li>\r\n<li>PSICOPEDAGOGIA CL\u00cdNICA E INSTITUCIONAL \u2013 480 HORAS &#8211; (F002)<\/li>\r\n<li>PSICOPEDAGOGIA CL\u00cdNICA INSTITUCIONAL COM \u00caNFASE NA INCLUS\u00c3O &#8211; 460 HORAS &#8211; (F004)<\/li>\r\n<li>PSICOPEDAGOGIA CL\u00cdNICA, INSTITUCIONAL E ED. INFANTIL &#8211; 620 HORAS &#8211; (F001)<\/li>\r\n<li>PSICOPEDAGOGIA E EDUCA\u00c7\u00c3O ESPECIAL \u2013 760 HORAS \u2013 (F001)<\/li>\r\n<li>PSICOPEDAGOGIA E GEST\u00c3O DO ATENDIMENTO CL\u00cdNICO E INSTITUCIONAL \u2013 480 HORAS &#8211; (F002)<\/li>\r\n<li>PSICOPEDAGOGIA E PSICOMOTRICIDADE &#8211; 580 HORAS \u2013 (F001)<\/li>\r\n<li>PSICOPEDAGOGIA INSTITUCIONAL &#8211; 390 HORAS \u2013 (F004)<\/li>\r\n<li>PSICOPEDAGOGIA INSTITUCIONAL &#8211; 420 HORAS \u2013 (F004)<\/li>\r\n<li>PSICOPEDAGOGIA INSTITUCIONAL &#8211; 580 HORAS \u2013 (F001)<\/li>\r\n<li>PSICOPEDAGOGIA INSTITUCIONAL E CL\u00cdNICA &#8211; 390 HORAS \u2013 (F004)<\/li>\r\n<li>PSICOPEDAGOGIA INSTITUCIONAL E CL\u00cdNICA &#8211; 600 HORAS \u2013 (F004)<\/li>\r\n<li>PSICOPEDAGOGIA INSTITUCIONAL E CL\u00cdNICA &#8211; 680 HORAS \u2013 (F001)<\/li>\r\n<li>PSICOPEDAGOGIA INSTITUCIONAL, CL\u00cdNICA E LUDOPEDAGOGIA &#8211; 580 HORAS \u2013 (F001)<\/li>\r\n<li>PSICOPEDAGOGIA, EDUCA\u00c7\u00c3O INFANTIL E ANOS INICIAIS &#8211; 580 HORAS \u2013 (F004)<\/li>\r\n<li>REDA\u00c7\u00c3O E ORAT\u00d3RIA &#8211; 560 HORAS &#8211; (F001)<\/li>\r\n<li>REVIS\u00c3O TEXTUAL E NORMAS ABNT &#8211; 620 HORAS \u2013 (F004)<\/li>\r\n<li>SECRETARIADO ESCOLAR &#8211; 620 HORAS &#8211; (F001)<\/li>\r\n<li>SERIES INICIAIS DO ENSINO FUNDAMENTAL E EDUCA\u00c7\u00c3O INFANTIL &#8211; 360 HORAS &#8211; (F001)<\/li>\r\n<li>SUPERVIS\u00c3O ESCOLAR \u2013 720 HORAS &#8211; (F001)<\/li>\r\n<li>SURDOCEGUEIRA &#8211; 620 HORAS &#8211; (F001)<\/li>\r\n<li>TEA \u2013 TRANSTORNO DO ESPECTRO AUTISTA NA EDUCA\u00c7\u00c3O ESPECIAL E INCLUSIVA &#8211; 580 HORAS &#8211; (F001)<\/li>\r\n<li>TEOLOGIA \u2013 520 HORAS \u2013 (F002)<\/li>\r\n<li>TEOLOGIA \u2013 620 HORAS &#8211; (F001)<\/li>\r\n<li>TEOLOGIA E HIST\u00d3RIA DAS RELIGI\u00d5ES &#8211; 620 HORAS &#8211; (F001)<\/li>\r\n<li>TEORIA DA LITERATURA E PRODU\u00c7\u00c3O TEXTUAL \u2013 580 HORAS &#8211; (F001)<\/li>\r\n<li>T\u00d3PICOS ESPECIAIS EM MATEM\u00c1TICA- 750 HORAS &#8211; (F001)<\/li>\r\n<li>TRANSTORNO GLOBAL DO DESENVOLVIMENTO -TGD \u2013 580 HORAS &#8211; (F001)<\/li>\r\n<li>TUTORIA EM EAD \u2013 620 HORAS &#8211; (F001)<\/li>\r\n<li>XADREZ PEDAG\u00d3GICO E T\u00c9CNICO &#8211; 420 HORAS \u2013 (F001)<\/li>\r\n<\/ol>\r\n","protected":false},"excerpt":{"rendered":"<p>Informa\u00e7\u00e3o WhatsApp 027 99788-3884 \/ 98114-0642 \/ 3032-2299 Todos os Cursos em EAD Clique aqui\u00a0para baixar o formul\u00e1rio de pr\u00e9-matr\u00edcula. Para acessar este documento \u00e9 necess\u00e1rio ter o Adobe Acrobat Reader instalado em seu equipamento.Caso n\u00e3o tenha instalado, clique em um dos links abaixo:Windows | Android | IPhone \u00a0Cursos na \u00c1rea da Educa\u00e7\u00e3o P\u00f3s-Gradua\u00e7\u00e3o LIBRAS [&hellip;]<\/p>\n","protected":false},"author":4,"featured_media":0,"parent":0,"menu_order":0,"comment_status":"closed","ping_status":"closed","template":"","meta":{"footnotes":""},"class_list":["post-6376","page","type-page","status-publish","hentry"],"_links":{"self":[{"href":"https:\/\/socepel.com.br\/index.php?rest_route=\/wp\/v2\/pages\/6376","targetHints":{"allow":["GET"]}}],"collection":[{"href":"https:\/\/socepel.com.br\/index.php?rest_route=\/wp\/v2\/pages"}],"about":[{"href":"https:\/\/socepel.com.br\/index.php?rest_route=\/wp\/v2\/types\/page"}],"author":[{"embeddable":true,"href":"https:\/\/socepel.com.br\/index.php?rest_route=\/wp\/v2\/users\/4"}],"replies":[{"embeddable":true,"href":"https:\/\/socepel.com.br\/index.php?rest_route=%2Fwp%2Fv2%2Fcomments&post=6376"}],"version-history":[{"count":14,"href":"https:\/\/socepel.com.br\/index.php?rest_route=\/wp\/v2\/pages\/6376\/revisions"}],"predecessor-version":[{"id":7183,"href":"https:\/\/socepel.com.br\/index.php?rest_route=\/wp\/v2\/pages\/6376\/revisions\/7183"}],"wp:attachment":[{"href":"https:\/\/socepel.com.br\/index.php?rest_route=%2Fwp%2Fv2%2Fmedia&parent=6376"}],"curies":[{"name":"wp","href":"https:\/\/api.w.org\/{rel}","templated":true}]}}