{"id":6334,"date":"2020-03-28T20:26:51","date_gmt":"2020-03-28T20:26:51","guid":{"rendered":"https:\/\/socepel.com.br\/?page_id=6334"},"modified":"2020-03-29T16:57:58","modified_gmt":"2020-03-29T16:57:58","slug":"i-formacao-de-professores-r2","status":"publish","type":"page","link":"https:\/\/socepel.com.br\/?page_id=6334","title":{"rendered":"I &#8211; Forma\u00e7\u00e3o de Professores &#8211; R2"},"content":{"rendered":"\n<p class=\"has-text-color has-vivid-red-color\">\nInforma\u00e7\u00e3o\nWhatsApp 027 99788-3884 \/ 98114-0642 \/ 3032-2299<\/p>\n\n\n\n<p class=\"has-text-color has-vivid-red-color\">\nTodos os\nCursos em EAD<\/p>\n\n\n\n<p> <a rel=\"noreferrer noopener\" href=\"http:\/\/socepel.com.br\/CURSOS\/IBRA_PRE_MATRICULA_FORMULARIO.pdf\" target=\"_blank\"><strong>Clique aqui<\/strong><\/a><strong>&nbsp;para baixar o formul\u00e1rio de pr\u00e9-matr\u00edcula.<\/strong><\/p>\n\n\n\n<ul class=\"wp-block-list\"><li> FORMA\u00c7\u00c3O PEDAG\u00d3GICA<a rel=\"noreferrer noopener\" aria-label=\" R2 - PEDAGOGIA (abre numa nova aba)\" href=\"http:\/\/socepel.com.br\/CURSOS\/pedagogia_forma\u00e7\u00e3o_de_professores_r2.pdf\" target=\"_blank\"> R2 &#8211; PEDAGOGIA<\/a><\/li><li>FORMA\u00c7\u00c3O PEDAG\u00d3GICA <a rel=\"noreferrer noopener\" aria-label=\"R2 - LETRAS INGL\u00caS (abre numa nova aba)\" href=\"http:\/\/socepel.com.br\/CURSOS\/formacao_pedagogica_letras_ingles_formacao_de_professores_r2.pdf\" target=\"_blank\">R2 &#8211; LETRAS INGL\u00caS<\/a><\/li><li>FORMA\u00c7\u00c3O PEDAG\u00d3GICA <a rel=\"noreferrer noopener\" aria-label=\"R2 - LETRAS ESPANHOL (abre numa nova aba)\" href=\"http:\/\/socepel.com.br\/CURSOS\/formacao_pedagogica_letras_espanhol_formacao_de_professores_r2.pdf\" target=\"_blank\">R2 &#8211; LETRAS ESPANHOL<\/a><\/li><li>FORMA\u00c7\u00c3O PEDAG\u00d3GICA <a rel=\"noreferrer noopener\" aria-label=\"R2 - EM LETRAS PORTUGU\u00caS (abre numa nova aba)\" href=\"http:\/\/socepel.com.br\/CURSOS\/formacao_pedagogica_em_letras_portugues_formacao_de_professores_r2.pdf\" target=\"_blank\">R2 &#8211; EM LETRAS PORTUGU\u00caS<\/a><\/li><li>FORMA\u00c7\u00c3O PEDAG\u00d3GICA <a href=\"http:\/\/socepel.com.br\/CURSOS\/forma\u00e7\u00e3o_pedag\u00f3gica_em_educa\u00e7\u00e3o_f\u00edsica_forma\u00e7\u00e3o de professores_r2.pdf\" target=\"_blank\" rel=\"noreferrer noopener\" aria-label=\"R2 - EM EDUCA\u00c7\u00c3O F\u00cdSICA (abre numa nova aba)\">R2 &#8211; EM EDUCA\u00c7\u00c3O F\u00cdSICA<\/a><\/li><li>FORMA\u00c7\u00c3O PEDAG\u00d3GICA <a href=\"http:\/\/socepel.com.br\/CURSOS\/forma\u00e7\u00e3o_pedag\u00f3gica_em matem\u00e1tica_forma\u00e7\u00e3o_de_professores_r2.pdf\" target=\"_blank\" rel=\"noreferrer noopener\" aria-label=\"R2 - EM MATEM\u00c1TICA (abre numa nova aba)\">R2 &#8211; EM MATEM\u00c1TICA<\/a><\/li><\/ul>\n\n\n\n<p><\/p>\n","protected":false},"excerpt":{"rendered":"<p>Informa\u00e7\u00e3o WhatsApp 027 99788-3884 \/ 98114-0642 \/ 3032-2299 Todos os Cursos em EAD Clique aqui&nbsp;para baixar o formul\u00e1rio de pr\u00e9-matr\u00edcula. FORMA\u00c7\u00c3O PEDAG\u00d3GICA R2 &#8211; PEDAGOGIA FORMA\u00c7\u00c3O PEDAG\u00d3GICA R2 &#8211; LETRAS INGL\u00caS FORMA\u00c7\u00c3O PEDAG\u00d3GICA R2 &#8211; LETRAS ESPANHOL FORMA\u00c7\u00c3O PEDAG\u00d3GICA R2 &#8211; EM LETRAS PORTUGU\u00caS FORMA\u00c7\u00c3O PEDAG\u00d3GICA R2 &#8211; EM EDUCA\u00c7\u00c3O F\u00cdSICA FORMA\u00c7\u00c3O PEDAG\u00d3GICA R2 &#8211; [&hellip;]<\/p>\n","protected":false},"author":4,"featured_media":0,"parent":0,"menu_order":0,"comment_status":"closed","ping_status":"closed","template":"","meta":{"footnotes":""},"class_list":["post-6334","page","type-page","status-publish","hentry"],"_links":{"self":[{"href":"https:\/\/socepel.com.br\/index.php?rest_route=\/wp\/v2\/pages\/6334","targetHints":{"allow":["GET"]}}],"collection":[{"href":"https:\/\/socepel.com.br\/index.php?rest_route=\/wp\/v2\/pages"}],"about":[{"href":"https:\/\/socepel.com.br\/index.php?rest_route=\/wp\/v2\/types\/page"}],"author":[{"embeddable":true,"href":"https:\/\/socepel.com.br\/index.php?rest_route=\/wp\/v2\/users\/4"}],"replies":[{"embeddable":true,"href":"https:\/\/socepel.com.br\/index.php?rest_route=%2Fwp%2Fv2%2Fcomments&post=6334"}],"version-history":[{"count":13,"href":"https:\/\/socepel.com.br\/index.php?rest_route=\/wp\/v2\/pages\/6334\/revisions"}],"predecessor-version":[{"id":6361,"href":"https:\/\/socepel.com.br\/index.php?rest_route=\/wp\/v2\/pages\/6334\/revisions\/6361"}],"wp:attachment":[{"href":"https:\/\/socepel.com.br\/index.php?rest_route=%2Fwp%2Fv2%2Fmedia&parent=6334"}],"curies":[{"name":"wp","href":"https:\/\/api.w.org\/{rel}","templated":true}]}}