{"id":6004,"date":"2020-01-28T20:17:21","date_gmt":"2020-01-28T20:17:21","guid":{"rendered":"https:\/\/socepel.com.br\/?page_id=6004"},"modified":"2020-11-27T12:30:35","modified_gmt":"2020-11-27T12:30:35","slug":"cursos-de-capacitacao-e-extensao","status":"publish","type":"page","link":"https:\/\/socepel.com.br\/?page_id=6004","title":{"rendered":"TODOS OS CURSOS DE CAPACITA\u00c7\u00c3O E EXTENS\u00c3O"},"content":{"rendered":"\n<p class=\"has-vivid-red-color has-text-color\"> Informa\u00e7\u00e3o WhatsApp 027 99788-3884 \/ 98114-0642 \/ 3032-2299<\/p>\n\n\n\n<p class=\"has-vivid-red-color has-text-color\">Todos os Cursos em EAD<\/p>\n\n\n\n<p> <strong><a href=\"http:\/\/socepel.com.br\/CURSOS\/IBRA_PRE_MATRICULA_FORMULARIO.pdf\" target=\"_blank\" rel=\"noreferrer noopener\" aria-label=\" (abre numa nova aba)\">Clique aqui<\/a> para baixar o formul\u00e1rio de pr\u00e9-matr\u00edcula.<\/strong> <\/p>\n\n\n\n<ul class=\"wp-block-list\"><li>ABA &#8211; AN\u00c1LISE DO COMPORTAMENTO APLICADA- 60 HORAS<\/li><li>A\u00c7\u00c3O PENAL E PROCESSUAL- 60 HORAS<\/li><li>ACONSELHAMENTO PASTORAL- 60 horas<\/li><li>ACREDITA\u00c7\u00c3O HOSPITALAR- 60 horas<\/li><li>ADMINISTRA\u00c7\u00c3O DE VENDAS- 60 horas<\/li><li>ADMINISTRA\u00c7\u00c3O E FINAN\u00c7AS P\u00daBLICAS- 60 horas<\/li><li>ADMINISTRA\u00c7\u00c3O FINANCEIRA- 60 horas<\/li><li>AEE \u2013 ATENDIMENTO EDUCACIONAL ESPECIALIZADO- 60 horas<\/li><li>ALFABETIZA\u00c7\u00c3O E LETRAMENTO &#8211; EXTENS\u00c3O- 120 horas<\/li><li>AN\u00c1LISE DE PRE\u00c7OS E MERCADO- 60 horas<\/li><li>AN\u00c1LISE DO COMPORTAMENTO AUTISTA- 120 horas<\/li><li>ANOS INICIAIS E EJA &#8211; EXTENS\u00c3O- 120 horas<\/li><li>ARTES &#8211; EXTENS\u00c3O- 180 HORAS<\/li><li>ARTES E LITERATURA &#8211; EXTENS\u00c3O- 120 HORAS<\/li><li>ASSISTENTE DE EDUCA\u00c7\u00c3O ESPECIAL- 60 horas<\/li><li>ATENDIMENTO EDUCACIONAL ESPECIALIZADO &#8211; AEE- 120 horas<\/li><li>ATENDIMENTO EDUCACIONAL ESPECIALIZADO- 240 horas<\/li><li>ATENDIMENTO PR\u00c9-HOSPITALAR- 60 horas<\/li><li>AUDITORIA DE CUSTOS- 60 horas<\/li><li>AUDITORIA E GEST\u00c3O DA QUALIDADE- 60 horas<\/li><li>AUDITORIA EM ENFERMAGEM- 240 horas<\/li><li>AUDITORIA EM ENFERMAGEM- 60 horas<\/li><li>AUDITORIA HOSPITALAR- 60 horas<\/li><li>AUDITORIA NO SUS E CONV\u00caNIOS SISTEMA DE SA\u00daDE- 60 horas<\/li><li>AUTISMO- 60 horas<\/li><li>AVALIA\u00c7\u00c3O E PERICIA EM PSICOLOGIA DE TR\u00c2NSITOS- 60 horas<\/li><li>BACTERIOLOGIA E DIAGN\u00d3STICOS LABORATORIAIS- 60 horas<\/li><li>BASES LEGAIS E A\u00c7\u00d5ES DE VIGIL\u00c2NCIA SOBRE ALIMENTOS- 60 horas<\/li><li>BIBLIOTECONOMIA &#8211; EXTENS\u00c3O- 240 horas<\/li><li>BRAILLE- 60 horas<\/li><li>CI\u00caNCIA E HIST\u00d3RIA DAS RELIGI\u00d5ES- 240 horas<\/li><li>COMUNICA\u00c7\u00c3O ALTERNATIVA &#8211; EXTENS\u00c3O- 120 horas<\/li><li>COMUNICA\u00c7\u00c3O ALTERNATIVA E TECNOLOGIAS ASSISTIVAS- 120 horas<\/li><li>COMUNICA\u00c7\u00c3O E ORAT\u00d3RIA- 240 horas<\/li><li>CONCEITOS DA EDUCA\u00c7\u00c3O &#8211; EXTENS\u00c3O- 120 horas<\/li><li>CONHECIMENTO GEOGR\u00c1FICO- 60 horas<\/li><li>CREN\u00c7AS E PERSPECTIVAS (ENSINO DE INGL\u00caS)- 60 horas<\/li><li>CRIMINOLOGIA- 60 horas<\/li><li>CRIMINOLOGIA E SEGURAN\u00c7A P\u00daBLICA- 60 horas<\/li><li>CULTURA E SOCIEDADE &#8211; EXTENS\u00c3O- 120 horas<\/li><li>DEFICI\u00caNCIA F\u00cdSICA- 120 horas<\/li><li>DEFICI\u00caNCIA INTELECTUAL- 120 horas<\/li><li>DEFICI\u00caNCIA VISUAL- 120 horas<\/li><li>DEFICI\u00caNCIAS M\u00daLTIPLAS- 120 horas<\/li><li>DEFICI\u00caNCIAS M\u00daLTIPLAS E INTELECTUAIS- 60 horas<\/li><li>DEFICI\u00caNCIAS VISUAIS E AUDITIVAS- 60 horas<\/li><li>DESENVOLVIMENTO INFANTIL &#8211; EXTENS\u00c3O- 120 horas<\/li><li>DESENVOLVIMENTO PROFISSIONAL- 60 horas<\/li><li>DIETOTERAPIA EM DIST\u00daRBIOS DO METABOLISMO E ESTRESSE OXIDATIVO- 60 horas<\/li><li>DIREITO CIVIL- 60 horas<\/li><li>DIREITO DE TR\u00c2NSITO- 120 horas<\/li><li>DIREITO IMOBILI\u00c1RIO- 60 horas<\/li><li>DIREITO PREVIDENCI\u00c1RIO- 120 horas<\/li><li>DIREITO PROCESSUAL CIVIL- 120 horas<\/li><li>DIREITO PROCESSUAL E PENAL- 60 horas<\/li><li>DIREITO P\u00daBLICO: CONSTITUCIONAL, ADMINISTRATIVO E TRIBUT\u00c1RIO- 120 horas<\/li><li>DIREITO P\u00daBLICO: CONSTITUCIONAL, ADMINISTRATIVO E TRIBUT\u00c1RIO- 60 horas<\/li><li>DIREITOS E GARANTIAS FUNDAMENTAIS- 60 horas<\/li><li>DIREITOS HUMANOS &#8211; FUNDAMENTOS- 60 horas<\/li><li>DIREITOS HUMANOS E SEGURAN\u00c7A P\u00daBLICA- 60 horas<\/li><li>DIST\u00daRBIOS DA APRENDIZAGEM- 60 horas<\/li><li>EDUCA\u00c7\u00c3O AMBIENTAL- 60 horas<\/li><li>EDUCA\u00c7\u00c3O ESPECIAL &#8211; EXTENS\u00c3O- 120 horas<\/li><li>EDUCA\u00c7\u00c3O ESPECIAL E INCLUSIVA- 60 horas<\/li><li>EDUCA\u00c7\u00c3O F\u00cdSICA ESCOLAR &#8211; TEORIAS E MODELOS- 60 horas<\/li><li>EDUCA\u00c7\u00c3O INFANTIL- 240 horas<\/li><li>EDUCA\u00c7\u00c3O INFANTIL E ED. INCLUSIVA ESPECIAL- 240 horas<\/li><li>EDUCA\u00c7\u00c3O INFANTIL, ALFABETIZA\u00c7\u00c3O E LETRAMENTO- 240 horas<\/li><li>EDUCA\u00c7\u00c3O MUSICAL- EXTENS\u00c3O- 120 horas<\/li><li>ENSINO DE INGL\u00caS &#8211; CREN\u00c7AS E PERSPECTIVAS- 60 horas<\/li><li>EPIDEMIOLOGIA E VIGIL\u00c2NCIA EM SA\u00daDE- 60 horas<\/li><li>ESTRAT\u00c9GIAS DE MARKETING- 60 horas<\/li><li>FARMACOTERAPIA E ATEN\u00c7\u00c3O FARMAC\u00caUTICA- 60 horas<\/li><li>FISIOLOGIA DO EXERC\u00cdCIO- 60 horas<\/li><li>FOLCLORE BRASILEIRO &#8211; EXTENS\u00c3O- 120 horas<\/li><li>FUNDAMENTOS DA ENFERMAGEM EM URG\u00caNCIA E EMERG\u00caNCIA- 60 horas<\/li><li>FUNDAMENTOS DA ENFERMAGEM EM UTI- 60 HORAS<\/li><li>FUNDAMENTOS DA TERAPIA COMPORTAMENTAL- 60 horas<\/li><li>FUNDAMENTOS DE AGRONEG\u00d3CIOS- 60 horas<\/li><li>GERENCIAMENTO DE QUALIDADE-PMBOK- 60 horas<\/li><li>GEST\u00c3O ADMINISTRATIVA E FINANCEIRA DA ESCOLA- 60 horas<\/li><li>GEST\u00c3O AMBIENTAL- 60 horas<\/li><li>GEST\u00c3O DE CONFLITOS E CRISES- 60 HORAS<\/li><li>GEST\u00c3O DE HOTELARIA E TURISMO- 60 horas<\/li><li>GEST\u00c3O DE HOTELARIA E TURISMO- 60 horas<\/li><li>GEST\u00c3O DE HOTELARIA HOSPITALAR- 60 HORAS<\/li><li>GEST\u00c3O DE PESSOAS- 60 horas<\/li><li>GEST\u00c3O DE PESSOAS- 60 horas<\/li><li>GEST\u00c3O DE PESSOAS EM ORGANIZA\u00c7\u00d5ES HOSPITALARES- 60 HORAS<\/li><li>GEST\u00c3O DE PROJETOS E PROCESSOS EM HOTELARIA HOSPITALAR- 60 HORAS<\/li><li>GEST\u00c3O DE PROJETOS NA INFORM\u00c1TICA- 120 horas<\/li><li>GEST\u00c3O DE QUALIDADE- 180 HORAS<\/li><li>GEST\u00c3O DE SEGURAN\u00c7A DA INFORMA\u00c7\u00c3O- 120 horas<\/li><li>GEST\u00c3O DO TRANSPORTE- 60 horas<\/li><li>GEST\u00c3O DO TRANSPORTE- 60 horas<\/li><li>GEST\u00c3O DOS SERVI\u00c7OS DE SEGURAN\u00c7A E SA\u00daDE NO TRABALHO- 60 horas<\/li><li>GEST\u00c3O DOS SERVI\u00c7OS DE SEGURAN\u00c7A E SA\u00daDE NO TRABALHO- 60 horas<\/li><li>GEST\u00c3O E AUDITORIA EM SA\u00daDE P\u00daBLICA- 120 HORAS<\/li><li>GEST\u00c3O E ELABORA\u00c7\u00c3O DE PROJETOS SOCIAIS EXTENS\u00c3O- 60 horas<\/li><li>GEST\u00c3O FINANCEIRA- 180 HORAS<\/li><li>HEMOTERAPIA E BANCO DE SANGUE- 60 horas<\/li><li>HIST\u00d3RIA DA ARTE &#8211; EXTENS\u00c3O- 120 horas<\/li><li>HIST\u00d3RIA DA ARTE- 60 HORAS<\/li><li>HIST\u00d3RIA DA MUSICA &#8211; EXTENS\u00c3O- 120 horas<\/li><li>HIST\u00d3RIA DA MUSICA- 60 horas<\/li><li>HIST\u00d3RIA MILITAR- 60 horas<\/li><li>INTERVEN\u00c7\u00c3O NA SA\u00daDE IND\u00cdGENA- 60 horas<\/li><li>INTRODU\u00c7\u00c3O A EDUCA\u00c7\u00c3O MUSICAL- 60 horas<\/li><li>INTRODU\u00c7\u00c3O A GEOGRAFIA- 60 horas<\/li><li>INTRODU\u00c7\u00c3O AO SERVI\u00c7O SOCIAL- 60 horas<\/li><li>JOGOS E RECREA\u00c7\u00c3O NA EDUCA\u00c7\u00c3O- 240 HORAS<\/li><li>JUVENTUDE E CRIMINALIDADE- 60 HORAS<\/li><li>LEGISLA\u00c7\u00c3O AMBIENTAL- 60 horas<\/li><li>LEGISLA\u00c7\u00c3O E POL\u00cdTICAS P\u00daBLICAS- 60 horas<\/li><li>LEGISLA\u00c7\u00c3O EDUCACIONAL &#8211; EXTENS\u00c3O- 120 horas<\/li><li><a rel=\"noreferrer noopener\" aria-label=\"LIBRAS - Extens\u00e3o- 240 horas (abre numa nova aba)\" href=\"http:\/\/socepel.com.br\/CURSOS\/capacita\u00e7\u00e3o_libras_extensao.pdf\" target=\"_blank\">LIBRAS &#8211; Extens\u00e3o- 240 horas<\/a><\/li><li>LICITA\u00c7\u00d5ES- 60 horas<\/li><li>LITERATURA &#8211; EXTENS\u00c3O- 180 HORAS<\/li><li>LOG\u00cdSTICA HOSPITALAR- 60 horas<\/li><li>LUDOPEDAGOGIA E APRENDIZAGEM &#8211; EXTENS\u00c3O- 120 horas<\/li><li>LUDOPEDAGOGIA E APRENDIZAGEM- 60 horas<\/li><li>LUDOPEDAGOGIA E EDUCA\u00c7\u00c3O INFANTIL- 240 horas<\/li><li>MEIO AMBIENTE E OS RECURSOS NATURAIS- 60 horas<\/li><li>MODELO DE EXCEL\u00caNCIA-FNQ- 60 horas<\/li><li>MONITOR DE ATIVIDADE INFANTIL- 120 horas<\/li><li>MONITOR DE ATIVIDADE INFANTIL- 60 horas<\/li><li>MOVIMENTO SOCIAIS E SOCIOLOGIA DAS ORGANIZA\u00c7\u00d5ES- 60 horas<\/li><li>NO\u00c7\u00d5ES B\u00c1SICAS DE CONTROLADORIA NA GEST\u00c3O- 60 horas<\/li><li>NO\u00c7\u00d5ES B\u00c1SICAS DE EDUCA\u00c7\u00c3O ESPECIAL E INCLUSIVA- 60 horas<\/li><li>NO\u00c7\u00d5ES B\u00c1SICAS DE ENFERMAGEM DO TRABALHO- 60 HORAS<\/li><li>NO\u00c7\u00d5ES B\u00c1SICAS DE ENFERMAGEM DO TRABALHO- 60 horas<\/li><li>NO\u00c7\u00d5ES B\u00c1SICAS DE GEST\u00c3O EM SA\u00daDE P\u00daBLICA- 60 horas<\/li><li>NO\u00c7\u00d5ES B\u00c1SICAS DE LIDERAN\u00c7A E EQUIPE ORGANIZACIONAL- 60 horas<\/li><li>NO\u00c7\u00d5ES GERAIS DO DIREITO- 60 horas<\/li><li>NO\u00c7\u00d5ES GERAIS DO DIREITO EMPRESARIAL- 60 HORAS<\/li><li>ORIENTA\u00c7\u00c3O EDUCACIONAL &#8211; EXTENS\u00c3O- 120 horas<\/li><li>PERFIS CRIMINAIS E COMPORTAMENTAIS- 240 HORAS<\/li><li>PLANEJAMENTO ESTRAT\u00c9GICO E TOMADA DE DECIS\u00c3O- 60 horas<\/li><li>PLANEJAMENTO, CONTROLE E AVALIA\u00c7\u00c3O DE TREINAMENTO- 60 horas<\/li><li>POL\u00cdTICA E RELIGI\u00c3O &#8211; EXTENS\u00c3O- 120 horas<\/li><li>POL\u00cdTICAS P\u00daBLICAS EM SEGURAN\u00c7A P\u00daBLICA- 60 horas<\/li><li>POL\u00cdTICAS PUBLICAS PARA O TR\u00c2NSITO E LEGISLA\u00c7\u00c3O APLICADA- 60 horas<\/li><li>PRATICAS DE SUPERVIS\u00c3O ESCOLAR- 60 horas<\/li><li>PSICOLOGIA COMPORTAMENTAL E COGNITIVA- 60 horas<\/li><li>PSICOLOGIA E INTERVEN\u00c7\u00d5ES PROFISSIONAIS- 60 HORAS<\/li><li>PSICOLOGIA FORENSE- 60 HORAS<\/li><li>PSICOLOGIA FORENSE NO SISTEMA PENAL- 240 HORAS<\/li><li>PSICOLOGIA FORENSE NO SISTEMA PENAL- 60 HORAS<\/li><li>PSICOLOGIA SOCIAL- 60 horas<\/li><li>PSICOMOTRICIDADE &#8211; EXTENS\u00c3O- 120 horas<\/li><li>PSICOMOTRICIDADE NA EDUCA\u00c7\u00c3O- 120 HORAS<\/li><li>PSICOMOTRICIDADE NA EDUCA\u00c7\u00c3O- 240 horas<\/li><li>PSICOPEDAGOGIA INSTITUCIONAL E ED. INFANTIL- 240 horas<\/li><li>QUALIDADE EM SERVI\u00c7OS DE SA\u00daDE- 60 HORAS<\/li><li>RECURSOS HUMANOS- 60 horas<\/li><li>RECURSOS MATERIAIS E PATRIMONIAIS- 60 horas<\/li><li>REFORMA TRABALHISTA 2017- 60 horas<\/li><li>RELA\u00c7\u00d5ES INTERPESSOAIS- 240 HORAS<\/li><li>RELA\u00c7\u00d5ES TRABALHISTAS- 60 horas<\/li><li>RESSOCIALIZA\u00c7\u00c3O- 60 HORAS<\/li><li>SA\u00daDE BUCAL- 120 horas<\/li><li>SA\u00daDE COLETIVA- 60 HORAS<\/li><li>SEGURAN\u00c7A DO TRABALHO- 240 HORAS<\/li><li>SEGURAN\u00c7A PRIVADA- 120 horas<\/li><li>SEGURAN\u00c7A P\u00daBLICA &#8211; EXTENS\u00c3O- 120 HORAS<\/li><li>SERVI\u00c7O SOCIAL EXTENS\u00c3O- 240 horas<\/li><li>SERVI\u00c7OS DE HOTELARIA- 60 horas<\/li><li>SISTEMA DE INFORMA\u00c7\u00c3O- 120 HORAS<\/li><li>SISTEMA DE INFORMA\u00c7\u00c3O- 60 horas<\/li><li>SISTEMA PRISIONAL- 60 horas<\/li><li>SISTEMA PRISIONAL E SEGURAN\u00c7A P\u00daBLICA- 240 HORAS<\/li><li>SISTEMA PRISIONAL E SEGURAN\u00c7A P\u00daBLICA- 60 horas<\/li><li>SOCIOLOGIA E EDUCA\u00c7\u00c3O &#8211; EXTENS\u00c3O- 120 horas<\/li><li>SUPERVIS\u00c3O ESCOLAR &#8211; EXTENS\u00c3O- 120 horas<\/li><li>SUPLEMENTA\u00c7\u00c3O NUTRICIONAL E FITOTER\u00c1PICA- 60 horas<\/li><li><a href=\"http:\/\/socepel.com.br\/CURSOS\/capacitacao_surdez_e_educacao_de_surdos.pdf\" target=\"_blank\" rel=\"noreferrer noopener\" aria-label=\"SURDEZ E EDUCA\u00c7\u00c3O DE SURDOS- 120 horas (abre numa nova aba)\">SURDEZ E EDUCA\u00c7\u00c3O DE SURDOS- 120 horas<\/a><\/li><li>T\u00c9CNICAS PARA AVALIA\u00c7\u00c3O DA SA\u00daDE DO TRABALHADOR- 60 HORAS<\/li><li>TECNOLOGIA DA INFORMA\u00c7\u00c3O: CONCEITOS E FUNDAMENTOS- 60 horas<\/li><li>TEORIA DO CRIME- 240 HORAS<\/li><li>TEORIA DO CRIME- 60 HORAS<\/li><li>TEORIA DO CRIME- 60 HORAS<\/li><li>TEORIA DO TREINAMENTO DESPORTIVO- 60 horas<\/li><li>TERAPIA ANAL\u00cdTICA DO COMPORTAMENTO INFANTIL- 240 horas<\/li><li>T\u00d3PICOS EM CRIMINOLOGIA E JUSTI\u00c7A CRIMINAL- 240 HORAS<\/li><li>T\u00d3PICOS EM CRIMINOLOGIA E JUSTI\u00c7A CRIMINAL- 60 HORAS<\/li><li>T\u00d3PICOS ESPECIAIS EM TREINAMENTO PESSOAL- 60 horas<\/li><li>TRANSPORTE E CLASSIFICA\u00c7\u00c3O DE RISCOS- 60 HORAS<\/li><li>TRANSTORNO GLOBAL DO DESENVOLVIMENTO &#8211; TGD- 120 horas<\/li><li>TRATAMENTOS NATURAIS E RECURSOS MANUAIS PARA EST\u00c9TICA- 60 horas<\/li><li>TREINAMENTO E DESENVOLVIMENTO DE PESSOAS- 60 horas<\/li><li>URG\u00caNCIA E EMERG\u00caNCIA EXTENS\u00c3O- 240 horas<\/li><li>VIOL\u00caNCIA DOM\u00c9STICA- 120 HORAS<\/li><\/ul>\n","protected":false},"excerpt":{"rendered":"<p>Informa\u00e7\u00e3o WhatsApp 027 99788-3884 \/ 98114-0642 \/ 3032-2299 Todos os Cursos em EAD Clique aqui para baixar o formul\u00e1rio de pr\u00e9-matr\u00edcula. ABA &#8211; AN\u00c1LISE DO COMPORTAMENTO APLICADA- 60 HORAS A\u00c7\u00c3O PENAL E PROCESSUAL- 60 HORAS ACONSELHAMENTO PASTORAL- 60 horas ACREDITA\u00c7\u00c3O HOSPITALAR- 60 horas ADMINISTRA\u00c7\u00c3O DE VENDAS- 60 horas ADMINISTRA\u00c7\u00c3O E FINAN\u00c7AS P\u00daBLICAS- 60 horas ADMINISTRA\u00c7\u00c3O [&hellip;]<\/p>\n","protected":false},"author":4,"featured_media":0,"parent":0,"menu_order":0,"comment_status":"closed","ping_status":"closed","template":"","meta":{"footnotes":""},"class_list":["post-6004","page","type-page","status-publish","hentry"],"_links":{"self":[{"href":"https:\/\/socepel.com.br\/index.php?rest_route=\/wp\/v2\/pages\/6004","targetHints":{"allow":["GET"]}}],"collection":[{"href":"https:\/\/socepel.com.br\/index.php?rest_route=\/wp\/v2\/pages"}],"about":[{"href":"https:\/\/socepel.com.br\/index.php?rest_route=\/wp\/v2\/types\/page"}],"author":[{"embeddable":true,"href":"https:\/\/socepel.com.br\/index.php?rest_route=\/wp\/v2\/users\/4"}],"replies":[{"embeddable":true,"href":"https:\/\/socepel.com.br\/index.php?rest_route=%2Fwp%2Fv2%2Fcomments&post=6004"}],"version-history":[{"count":11,"href":"https:\/\/socepel.com.br\/index.php?rest_route=\/wp\/v2\/pages\/6004\/revisions"}],"predecessor-version":[{"id":7083,"href":"https:\/\/socepel.com.br\/index.php?rest_route=\/wp\/v2\/pages\/6004\/revisions\/7083"}],"wp:attachment":[{"href":"https:\/\/socepel.com.br\/index.php?rest_route=%2Fwp%2Fv2%2Fmedia&parent=6004"}],"curies":[{"name":"wp","href":"https:\/\/api.w.org\/{rel}","templated":true}]}}