{"id":5995,"date":"2020-01-28T19:51:47","date_gmt":"2020-01-28T19:51:47","guid":{"rendered":"https:\/\/socepel.com.br\/?page_id=5995"},"modified":"2020-12-01T20:23:58","modified_gmt":"2020-12-01T20:23:58","slug":"2a-licenciatura-e-complementacao-pedagogica","status":"publish","type":"page","link":"https:\/\/socepel.com.br\/?page_id=5995","title":{"rendered":"I &#8211; 2\u00aa Licenciatura e Complementa\u00e7\u00e3o Pedag\u00f3gica"},"content":{"rendered":"\r\n<p class=\"has-text-color has-vivid-red-color\">Informa\u00e7\u00e3o WhatsApp 027 99788-3884 \/ 98114-0642 \/ 3032-2299<\/p>\r\n\r\n\r\n\r\n<p class=\"has-text-color has-text-align-left has-normal-font-size has-vivid-red-color\">Todos os Cursos em EAD<\/p>\r\n\r\n\r\n\r\n<p class=\"has-text-align-left\"><strong><a href=\"http:\/\/socepel.com.br\/CURSOS\/IBRA_PRE_MATRICULA_FORMULARIO.pdf\" target=\"_blank\" rel=\"noreferrer noopener\" aria-label=\" (abre numa nova aba)\">Clique aqui<\/a> para baixar o formul\u00e1rio de pr\u00e9-matr\u00edcula.<\/strong><\/p>\r\n<p>Para acessar este documento \u00e9 necess\u00e1rio ter o Adobe Acrobat Reader instalado em seu equipamento.<br \/>Caso n\u00e3o tenha instalado, clique em um dos links abaixo:<br \/><a href=\"https:\/\/get2.adobe.com\/br\/reader\/\" target=\"_blank\" rel=\"noreferrer noopener\">Windows<\/a> | <a href=\"https:\/\/play.google.com\/store\/apps\/details?id=com.adobe.reader&amp;hl=pt_BR&amp;gl=US\" target=\"_blank\" rel=\"noreferrer noopener\">Android <\/a>| <a href=\"https:\/\/apps.apple.com\/br\/app\/adobe-acrobat-reader-ler-pdf\/id469337564\" target=\"_blank\" rel=\"noreferrer noopener\">IPhone<\/a><\/p>\r\n\r\n\r\n\r\n<ul class=\"wp-block-list\">\r\n<li>SEGUNDA LICENCIATURA &#8211; <a href=\"http:\/\/socepel.com.br\/CURSOS\/SEGUNDA_LICENCIATURA_LETRAS_INGLES.pdf\" target=\"_blank\" rel=\"noreferrer noopener\" aria-label=\" (abre numa nova aba)\">LETRAS INGL\u00caS<\/a><\/li>\r\n<li>SEGUNDA LICENCIATURA &#8211; <a href=\"http:\/\/socepel.com.br\/CURSOS\/SEGUNDA_LICENCIATURA_PEDAGOGIA.pdf\" target=\"_blank\" rel=\"noreferrer noopener\" aria-label=\" (abre numa nova aba)\">PEDAGOGIA<\/a><\/li>\r\n<li>SEGUNDA LICENCIATURA &#8211; <a href=\"http:\/\/socepel.com.br\/CURSOS\/SEGUNDA_LICENCIATURA_MATEM\u00c1TICA.pdf\" target=\"_blank\" rel=\"noreferrer noopener\" aria-label=\"MATEM\u00c1TICA (abre numa nova aba)\">MATEM\u00c1TICA<\/a><\/li>\r\n<li>SEGUNDA LICENCIATURA &#8211; <a href=\"http:\/\/socepel.com.br\/CURSOS\/segunda_licenciatura_letras_portugues.pdf\" target=\"_blank\" rel=\"noreferrer noopener\" aria-label=\" (abre numa nova aba)\">LETRAS PORTUGU\u00caS<\/a><\/li>\r\n<li>SEGUNDA LICENCIATURA<a href=\"http:\/\/socepel.com.br\/CURSOS\/segunda_licenciatura_letras_espanhol.pdf\" target=\"_blank\" rel=\"noreferrer noopener\" aria-label=\" - LETRAS ESPANHOL (abre numa nova aba)\"> &#8211; LETRAS ESPANHOL<\/a><\/li>\r\n<li>SEGUNDA LICENCIATURA &#8211;<a href=\"http:\/\/socepel.com.br\/CURSOS\/segunda_licenciatura_educacao_fisica.pdf\" target=\"_blank\" rel=\"noreferrer noopener\" aria-label=\" ED. F\u00cdSICA (abre numa nova aba)\"> ED. F\u00cdSICA<\/a><\/li>\r\n<\/ul>\r\n","protected":false},"excerpt":{"rendered":"<p>Informa\u00e7\u00e3o WhatsApp 027 99788-3884 \/ 98114-0642 \/ 3032-2299 Todos os Cursos em EAD Clique aqui para baixar o formul\u00e1rio de pr\u00e9-matr\u00edcula. Para acessar este documento \u00e9 necess\u00e1rio ter o Adobe Acrobat Reader instalado em seu equipamento.Caso n\u00e3o tenha instalado, clique em um dos links abaixo:Windows | Android | IPhone SEGUNDA LICENCIATURA &#8211; LETRAS INGL\u00caS SEGUNDA [&hellip;]<\/p>\n","protected":false},"author":4,"featured_media":0,"parent":0,"menu_order":0,"comment_status":"closed","ping_status":"closed","template":"","meta":{"footnotes":""},"class_list":["post-5995","page","type-page","status-publish","hentry"],"_links":{"self":[{"href":"https:\/\/socepel.com.br\/index.php?rest_route=\/wp\/v2\/pages\/5995","targetHints":{"allow":["GET"]}}],"collection":[{"href":"https:\/\/socepel.com.br\/index.php?rest_route=\/wp\/v2\/pages"}],"about":[{"href":"https:\/\/socepel.com.br\/index.php?rest_route=\/wp\/v2\/types\/page"}],"author":[{"embeddable":true,"href":"https:\/\/socepel.com.br\/index.php?rest_route=\/wp\/v2\/users\/4"}],"replies":[{"embeddable":true,"href":"https:\/\/socepel.com.br\/index.php?rest_route=%2Fwp%2Fv2%2Fcomments&post=5995"}],"version-history":[{"count":29,"href":"https:\/\/socepel.com.br\/index.php?rest_route=\/wp\/v2\/pages\/5995\/revisions"}],"predecessor-version":[{"id":7097,"href":"https:\/\/socepel.com.br\/index.php?rest_route=\/wp\/v2\/pages\/5995\/revisions\/7097"}],"wp:attachment":[{"href":"https:\/\/socepel.com.br\/index.php?rest_route=%2Fwp%2Fv2%2Fmedia&parent=5995"}],"curies":[{"name":"wp","href":"https:\/\/api.w.org\/{rel}","templated":true}]}}