{"id":5985,"date":"2020-01-28T19:51:51","date_gmt":"2020-01-28T19:51:51","guid":{"rendered":"https:\/\/socepel.com.br\/?page_id=5985"},"modified":"2021-01-13T13:08:48","modified_gmt":"2021-01-13T13:08:48","slug":"faculdades-programa-de-parceiras","status":"publish","type":"page","link":"https:\/\/socepel.com.br\/?page_id=5985","title":{"rendered":"Faculdades &#8211; Programas de Parceiras"},"content":{"rendered":"\r\n<p>&nbsp;<\/p>\r\n\r\n\r\n\r\n<p class=\"has-text-color has-text-align-center has-vivid-cyan-blue-color\">Cursos de<a href=\"https:\/\/socepel.com.br\/?page_id=5995\"> 2\u00aa Licenciatura e Complementa\u00e7\u00e3o Pedag\u00f3gica<\/a><\/p>\r\n\r\n\r\n\r\n<p class=\"has-text-color has-text-align-center has-vivid-cyan-blue-color\"><strong>CURSOS DE <a href=\"https:\/\/socepel.com.br\/?page_id=6376\">CAPACITA\u00c7\u00c3O E EXTENS\u00c3O<\/a><\/strong><\/p>\r\n\r\n\r\n\r\n<p class=\"has-background has-text-align-center has-very-light-gray-background-color\">Para utilizar o conv\u00eanio basta o interessado procurar diretamente a Socepel.<\/p>\r\n\r\n\r\n<div class=\"everest-forms\"><div class=\"evf-container default\" id=\"evf-5463\"><form id=\"evf-form-5463\" class=\"everest-form\" data-formid=\"5463\" data-ajax_submission=\"0\" data-keyboard_friendly_form=\"0\" method=\"post\" enctype=\"multipart\/form-data\" action=\"\/index.php?rest_route=%2Fwp%2Fv2%2Fpages%2F5985\"><div class=\"evf-field-container\"><input type=\"hidden\" id=\"_wpnonce5463\" name=\"_wpnonce5463\" value=\"3375b434d8\" \/><input type=\"hidden\" name=\"_wp_http_referer\" value=\"\/index.php?rest_route=%2Fwp%2Fv2%2Fpages%2F5985\" \/><div class=\"evf-frontend-row\" data-row=\"row_1\" conditional_rules=\"[]\"><div class=\"evf-frontend-grid evf-grid-2\" data-grid=\"grid_1\"><div id=\"evf-5463-field_j2U16G4XGd-2-container\" class=\"evf-field evf-field-select form-row validate-required\" data-required-field-message=\"This field is required.\" data-field-id=\"j2U16G4XGd-2\"><label class=\"evf-field-label\" for=\"evf-5463-field_j2U16G4XGd-2\"><span class=\"evf-label\">Conv\u00eanios<\/span> <abbr class=\"required\" title=\"Required\">*<\/abbr><\/label><select id=\"evf-5463-field_j2U16G4XGd-2\" class=\"input-text evf-field-required\" name=\"everest_forms[form_fields][j2U16G4XGd-2]\" required=\"required\" ><option value=\"\" class=\"placeholder\" disabled  selected='selected'>Selecione o conv\u00eanio<\/option><option value=\"Coren - ES\" >Coren &#8211; ES<\/option><option value=\"Sinoreg - ES\" >Sinoreg &#8211; ES<\/option><\/select><\/div><\/div><div class=\"evf-frontend-grid evf-grid-2\" data-grid=\"grid_2\"><div id=\"evf-5463-field_1phKaU5W8s-3-container\" class=\"evf-field evf-field-date-time form-row\" data-field-id=\"1phKaU5W8s-3\"><label class=\"evf-field-label\" for=\"evf-5463-field_1phKaU5W8s-3\"><span class=\"evf-label\">Data do contato<\/span> <\/label><input type=\"text\" id=\"evf-5463-field_1phKaU5W8s-3\" class=\"flatpickr-field input-text\" name=\"everest_forms[form_fields][1phKaU5W8s-3]\" value=\"30\/04\/2026\" data-time-interval=\"15\" data-date-time=\"date\" data-mode=\"single\" data-locale=\"en\" data-date-format=\"d\/m\/Y\"  ><\/div><\/div><\/div><div class=\"evf-frontend-row\" data-row=\"row_2\" conditional_rules=\"[]\"><div class=\"evf-frontend-grid evf-grid-2\" data-grid=\"grid_1\"><div id=\"evf-5463-field_lFfJRAGv3K-4-container\" class=\"evf-field evf-field-first-name form-row validate-required\" data-required-field-message=\"This field is required.\" data-field-id=\"lFfJRAGv3K-4\"><label class=\"evf-field-label\" for=\"evf-5463-field_lFfJRAGv3K-4\"><span class=\"evf-label\">Nome<\/span> <abbr class=\"required\" title=\"Required\">*<\/abbr><\/label><input type=\"text\" id=\"evf-5463-field_lFfJRAGv3K-4\" class=\"input-text\" name=\"everest_forms[form_fields][lFfJRAGv3K-4]\" required><\/div><\/div><div class=\"evf-frontend-grid evf-grid-2\" data-grid=\"grid_2\"><div id=\"evf-5463-field_ZOqR51kOjC-5-container\" class=\"evf-field evf-field-last-name form-row validate-required\" data-required-field-message=\"This field is required.\" data-field-id=\"ZOqR51kOjC-5\"><label class=\"evf-field-label\" for=\"evf-5463-field_ZOqR51kOjC-5\"><span class=\"evf-label\">Sobrenome<\/span> <abbr class=\"required\" title=\"Required\">*<\/abbr><\/label><input type=\"text\" id=\"evf-5463-field_ZOqR51kOjC-5\" class=\"input-text\" name=\"everest_forms[form_fields][ZOqR51kOjC-5]\" required><\/div><\/div><\/div><div class=\"evf-frontend-row\" data-row=\"row_3\" conditional_rules=\"[]\"><div class=\"evf-frontend-grid evf-grid-2\" data-grid=\"grid_1\"><div id=\"evf-5463-field_Sn6dZJmU9p-6-container\" class=\"evf-field evf-field-email form-row validate-required validate-email\" data-required-field-message=\"Please enter a valid email address.\" data-field-id=\"Sn6dZJmU9p-6\"><label class=\"evf-field-label\" for=\"evf-5463-field_Sn6dZJmU9p-6\"><span class=\"evf-label\">E-mail<\/span> <abbr class=\"required\" title=\"Required\">*<\/abbr><\/label><input type=\"email\" id=\"evf-5463-field_Sn6dZJmU9p-6\" class=\"input-text\" name=\"everest_forms[form_fields][Sn6dZJmU9p-6]\" required ><\/div><\/div><div class=\"evf-frontend-grid evf-grid-2\" data-grid=\"grid_2\"><div id=\"evf-5463-field_YuZZwQMkYI-7-container\" class=\"evf-field evf-field-number form-row validate-required\" data-required-field-message=\"Please enter a valid number.\" data-field-id=\"YuZZwQMkYI-7\"><label class=\"evf-field-label\" for=\"evf-5463-field_YuZZwQMkYI-7\"><span class=\"evf-label\">Telefone<\/span> <abbr class=\"required\" title=\"Required\">*<\/abbr><\/label><input type=\"number\" id=\"evf-5463-field_YuZZwQMkYI-7\" class=\"input-text\" name=\"everest_forms[form_fields][YuZZwQMkYI-7]\" step=\"1\" required\/><div class=\"evf-field-description\">Digite somente n\u00fameros<\/div><\/div><\/div><\/div><div class=\"evf-frontend-row\" data-row=\"row_4\" conditional_rules=\"[]\"><div class=\"evf-frontend-grid evf-grid-2\" data-grid=\"grid_1\"><div id=\"evf-5463-field_jexKtqJCNa-8-container\" class=\"evf-field evf-field-textarea form-row\" data-field-id=\"jexKtqJCNa-8\"><label class=\"evf-field-label\" for=\"evf-5463-field_jexKtqJCNa-8\"><span class=\"evf-label\">Coment\u00e1rio (opcional)<\/span> <\/label><textarea id=\"evf-5463-field_jexKtqJCNa-8\" class=\"input-text\" name=\"everest_forms[form_fields][jexKtqJCNa-8]\"  ><\/textarea><\/div><\/div><div class=\"evf-frontend-grid evf-grid-2\" data-grid=\"grid_2\"><\/div><\/div><\/div><div class=\"evf-honeypot-container evf-field-hp\"><label for=\"evf-5463-field-hp\" class=\"evf-field-label\">Name<\/label><input type=\"text\" name=\"everest_forms[hp]\" id=\"evf-5463-field-hp\" class=\"input-text\"><\/div><div class=\"evf-submit-container \" ><input type=\"hidden\" name=\"everest_forms[id]\" value=\"5463\"><input type=\"hidden\" name=\"everest_forms[author]\" value=\"4\"><button type='submit' name='everest_forms[submit]' class='everest-forms-submit-button button evf-submit ' id='evf-submit-5463' value='evf-submit' data-process-text=\"Processando, por favor aguarde\u2026\" conditional_rules='&quot;&quot;' conditional_id='evf-submit-5463'  id=\"evf-submit-5463\" aria-live=\"assertive\">ENVIAR<\/button><\/div><\/form><\/div><!-- .evf-container --><\/div>\r\n\r\n\r\n<p class=\"has-background has-text-align-center has-pale-cyan-blue-background-color\">Informe-se tamb\u00e9m sobre nosso <strong>Servi\u00e7o de Tradu\u00e7\u00e3o e Interpreta\u00e7\u00e3o de Portugu\u00eas &#8211; Libras &#8211; Portugu\u00eas<\/strong> de v\u00eddeos e textos (livros, apostilas, manuais, etc), servi\u00e7o imprescind\u00edvel para a inclus\u00e3o do usu\u00e1rio surdo e sobre o nosso <strong>Servi\u00e7o de Tradu\u00e7\u00e3o e Interpreta\u00e7\u00e3o de Portugu\u00eas &#8211; Libras &#8211; Portugu\u00eas atrav\u00e9s da Central de Interpretes SOCEPEL<\/strong> para atendimento ao vivo e \u00e0 dist\u00e2ncia. Fundamental para quem n\u00e3o pode perder tempo nem recursos.<\/p>\r\n\r\n\r\n\r\n<p>&nbsp;<\/p>\r\n","protected":false},"excerpt":{"rendered":"<p>&nbsp; Cursos de 2\u00aa Licenciatura e Complementa\u00e7\u00e3o Pedag\u00f3gica CURSOS DE CAPACITA\u00c7\u00c3O E EXTENS\u00c3O Para utilizar o conv\u00eanio basta o interessado procurar diretamente a Socepel. Informe-se tamb\u00e9m sobre nosso Servi\u00e7o de Tradu\u00e7\u00e3o e Interpreta\u00e7\u00e3o de Portugu\u00eas &#8211; Libras &#8211; Portugu\u00eas de v\u00eddeos e textos (livros, apostilas, manuais, etc), servi\u00e7o imprescind\u00edvel para a inclus\u00e3o do usu\u00e1rio surdo [&hellip;]<\/p>\n","protected":false},"author":4,"featured_media":0,"parent":0,"menu_order":0,"comment_status":"closed","ping_status":"closed","template":"","meta":{"footnotes":""},"class_list":["post-5985","page","type-page","status-publish","hentry"],"_links":{"self":[{"href":"https:\/\/socepel.com.br\/index.php?rest_route=\/wp\/v2\/pages\/5985","targetHints":{"allow":["GET"]}}],"collection":[{"href":"https:\/\/socepel.com.br\/index.php?rest_route=\/wp\/v2\/pages"}],"about":[{"href":"https:\/\/socepel.com.br\/index.php?rest_route=\/wp\/v2\/types\/page"}],"author":[{"embeddable":true,"href":"https:\/\/socepel.com.br\/index.php?rest_route=\/wp\/v2\/users\/4"}],"replies":[{"embeddable":true,"href":"https:\/\/socepel.com.br\/index.php?rest_route=%2Fwp%2Fv2%2Fcomments&post=5985"}],"version-history":[{"count":17,"href":"https:\/\/socepel.com.br\/index.php?rest_route=\/wp\/v2\/pages\/5985\/revisions"}],"predecessor-version":[{"id":7182,"href":"https:\/\/socepel.com.br\/index.php?rest_route=\/wp\/v2\/pages\/5985\/revisions\/7182"}],"wp:attachment":[{"href":"https:\/\/socepel.com.br\/index.php?rest_route=%2Fwp%2Fv2%2Fmedia&parent=5985"}],"curies":[{"name":"wp","href":"https:\/\/api.w.org\/{rel}","templated":true}]}}