{"id":5301,"date":"2019-06-08T19:39:06","date_gmt":"2019-06-08T19:39:06","guid":{"rendered":"https:\/\/socepel.com.br\/?page_id=5301"},"modified":"2020-01-30T14:50:40","modified_gmt":"2020-01-30T14:50:40","slug":"solicitacao-de-pagamento-por-boleto-bancario","status":"publish","type":"page","link":"https:\/\/socepel.com.br\/?page_id=5301","title":{"rendered":"Boleto &#8211; Solicita\u00e7\u00e3o de Pagamento por Boleto Banc\u00e1rio"},"content":{"rendered":"\n<p><strong>Prezado Aluno(a)<\/strong><\/p>\n\n\n\n<p>Caso seja de seu interesse efetuar o pagamento do seu curso atrav\u00e9s de Boleto Banc\u00e1rio, disponibilizamos esta op\u00e7\u00e3o atrav\u00e9s do Sistema de Pagamentos PagSeguro.<\/p>\n\n\n\n<p>Para isso, ser\u00e1 necess\u00e1rio que preencha corretamente o formul\u00e1rio abaixo para que sua solicita\u00e7\u00e3o seja atendida. Todos os campos s\u00e3o requeridos.<\/p>\n\n\n<div class=\"everest-forms\"><div class=\"evf-container default\" id=\"evf-5300\"><form id=\"evf-form-5300\" class=\"everest-form\" data-formid=\"5300\" data-ajax_submission=\"0\" data-keyboard_friendly_form=\"0\" method=\"post\" enctype=\"multipart\/form-data\" action=\"\/index.php?rest_route=%2Fwp%2Fv2%2Fpages%2F5301\"><div class=\"evf-field-container\"><input type=\"hidden\" id=\"_wpnonce5300\" name=\"_wpnonce5300\" value=\"04fd338530\" \/><input type=\"hidden\" name=\"_wp_http_referer\" value=\"\/index.php?rest_route=%2Fwp%2Fv2%2Fpages%2F5301\" \/><div class=\"evf-frontend-row\" data-row=\"row_6\" conditional_rules=\"[]\"><div class=\"evf-frontend-grid evf-grid-2\" data-grid=\"grid_1\"><div id=\"evf-5300-field_c0xH63K2q9-9-container\" class=\"evf-field evf-field-select form-row validate-required\" data-required-field-message=\"This field is required.\" data-field-id=\"c0xH63K2q9-9\"><label class=\"evf-field-label\" for=\"evf-5300-field_c0xH63K2q9-9\"><span class=\"evf-label\">Cursos<\/span> <abbr class=\"required\" title=\"Required\">*<\/abbr><\/label><select id=\"evf-5300-field_c0xH63K2q9-9\" class=\"input-text evf-field-required\" name=\"everest_forms[form_fields][c0xH63K2q9-9]\" required=\"required\" ><option value=\"CL-001 - Libras Intemedi\u00e1rio\" >CL-001 &#8211; Libras Intemedi\u00e1rio<\/option><option value=\"CL-002 - Libras B\u00e1sico\" >CL-002 &#8211; Libras B\u00e1sico<\/option><\/select><div class=\"evf-field-description\">Selecione o Curso desejado<\/div><\/div><\/div><div class=\"evf-frontend-grid evf-grid-2\" data-grid=\"grid_2\"><div id=\"evf-5300-field_6D09i2GtAW-10-container\" class=\"evf-field evf-field-date-time form-row validate-required\" data-required-field-message=\"This field is required.\" data-field-id=\"6D09i2GtAW-10\"><label class=\"evf-field-label\" for=\"evf-5300-field_6D09i2GtAW-10\"><span class=\"evf-label\">Data da Solicita\u00e7\u00e3o<\/span> <abbr class=\"required\" title=\"Required\">*<\/abbr><\/label><input type=\"text\" id=\"evf-5300-field_6D09i2GtAW-10\" class=\"flatpickr-field input-text\" name=\"everest_forms[form_fields][6D09i2GtAW-10]\" value=\"01\/05\/2026\" data-time-interval=\"15\" data-date-time=\"date\" data-mode=\"single\" data-locale=\"en\" data-date-format=\"d\/m\/Y\" required ><\/div><\/div><\/div><div class=\"evf-frontend-row\" data-row=\"row_2\" conditional_rules=\"[]\"><div class=\"evf-frontend-grid evf-grid-2\" data-grid=\"grid_1\"><div id=\"evf-5300-field_r4GY1yBKBc-3-container\" class=\"evf-field evf-field-first-name form-row validate-required\" data-required-field-message=\"This field is required.\" data-field-id=\"r4GY1yBKBc-3\"><label class=\"evf-field-label\" for=\"evf-5300-field_r4GY1yBKBc-3\"><span class=\"evf-label\">Nome<\/span> <abbr class=\"required\" title=\"Required\">*<\/abbr><\/label><input type=\"text\" id=\"evf-5300-field_r4GY1yBKBc-3\" class=\"input-text\" name=\"everest_forms[form_fields][r4GY1yBKBc-3]\" required><\/div><\/div><div class=\"evf-frontend-grid evf-grid-2\" data-grid=\"grid_2\"><div id=\"evf-5300-field_ZjwU53FtkV-4-container\" class=\"evf-field evf-field-last-name form-row validate-required\" data-required-field-message=\"This field is required.\" data-field-id=\"ZjwU53FtkV-4\"><label class=\"evf-field-label\" for=\"evf-5300-field_ZjwU53FtkV-4\"><span class=\"evf-label\">Sobrenome<\/span> <abbr class=\"required\" title=\"Required\">*<\/abbr><\/label><input type=\"text\" id=\"evf-5300-field_ZjwU53FtkV-4\" class=\"input-text\" name=\"everest_forms[form_fields][ZjwU53FtkV-4]\" required><\/div><\/div><\/div><div class=\"evf-frontend-row\" data-row=\"row_3\" conditional_rules=\"[]\"><div class=\"evf-frontend-grid evf-grid-2\" data-grid=\"grid_1\"><div id=\"evf-5300-field_70gkRRuqGb-5-container\" class=\"evf-field evf-field-email form-row validate-required validate-email\" data-required-field-message=\"Please enter a valid email address.\" data-field-id=\"70gkRRuqGb-5\"><label class=\"evf-field-label\" for=\"evf-5300-field_70gkRRuqGb-5\"><span class=\"evf-label\">E-mail<\/span> <abbr class=\"required\" title=\"Required\">*<\/abbr><\/label><input type=\"email\" id=\"evf-5300-field_70gkRRuqGb-5\" class=\"input-text\" name=\"everest_forms[form_fields][70gkRRuqGb-5]\" required ><div class=\"evf-field-description\">Esse e-mail ser\u00e1 usado para o envio do Boleto. Tenha certeza de digit\u00e1-lo corretamente.<\/div><\/div><\/div><div class=\"evf-frontend-grid evf-grid-2\" data-grid=\"grid_2\"><div id=\"evf-5300-field_zsfrz6OLkI-7-container\" class=\"evf-field evf-field-number form-row validate-required\" data-required-field-message=\"Please enter a valid number.\" data-field-id=\"zsfrz6OLkI-7\"><label class=\"evf-field-label\" for=\"evf-5300-field_zsfrz6OLkI-7\"><span class=\"evf-label\">CEP<\/span> <abbr class=\"required\" title=\"Required\">*<\/abbr><\/label><input type=\"number\" id=\"evf-5300-field_zsfrz6OLkI-7\" class=\"input-text\" name=\"everest_forms[form_fields][zsfrz6OLkI-7]\" step=\"1\" required\/><div class=\"evf-field-description\">Digite somente n\u00fameros<\/div><\/div><\/div><\/div><div class=\"evf-frontend-row\" data-row=\"row_4\" conditional_rules=\"[]\"><div class=\"evf-frontend-grid evf-grid-2\" data-grid=\"grid_1\"><div id=\"evf-5300-field_uuZvyWTCGn-6-container\" class=\"evf-field evf-field-number form-row validate-required\" data-required-field-message=\"Please enter a valid number.\" data-field-id=\"uuZvyWTCGn-6\"><label class=\"evf-field-label\" for=\"evf-5300-field_uuZvyWTCGn-6\"><span class=\"evf-label\">Celular<\/span> <abbr class=\"required\" title=\"Required\">*<\/abbr><\/label><input type=\"number\" id=\"evf-5300-field_uuZvyWTCGn-6\" class=\"input-text\" name=\"everest_forms[form_fields][uuZvyWTCGn-6]\" step=\"1\" required\/><div class=\"evf-field-description\">Digite somente n\u00fameros.<\/div><\/div><\/div><div class=\"evf-frontend-grid evf-grid-2\" data-grid=\"grid_2\"><div id=\"evf-5300-field_wGJNzPotmZ-8-container\" class=\"evf-field evf-field-number form-row validate-required\" data-required-field-message=\"Please enter a valid number.\" data-field-id=\"wGJNzPotmZ-8\"><label class=\"evf-field-label\" for=\"evf-5300-field_wGJNzPotmZ-8\"><span class=\"evf-label\">CPF<\/span> <abbr class=\"required\" title=\"Required\">*<\/abbr><\/label><input type=\"number\" id=\"evf-5300-field_wGJNzPotmZ-8\" class=\"input-text\" name=\"everest_forms[form_fields][wGJNzPotmZ-8]\" step=\"1\" required\/><div class=\"evf-field-description\">Digite somente n\u00fameros<\/div><\/div><\/div><\/div><div class=\"evf-frontend-row\" data-row=\"row_7\" conditional_rules=\"[]\"><div class=\"evf-frontend-grid evf-grid-2\" data-grid=\"grid_1\"><div id=\"evf-5300-field_wZ50PgMm9u-11-container\" class=\"evf-field evf-field-text form-row validate-required\" data-required-field-message=\"This field is required.\" data-field-id=\"wZ50PgMm9u-11\"><label class=\"evf-field-label\" for=\"evf-5300-field_wZ50PgMm9u-11\"><span class=\"evf-label\">Endere\u00e7o<\/span> <abbr class=\"required\" title=\"Required\">*<\/abbr><\/label><input type=\"text\" id=\"evf-5300-field_wZ50PgMm9u-11\" class=\"input-text\" name=\"everest_forms[form_fields][wZ50PgMm9u-11]\" required><div class=\"evf-field-description\">Rua, Av. Pra\u00e7a, etc.<\/div><\/div><\/div><div class=\"evf-frontend-grid evf-grid-2\" data-grid=\"grid_2\"><div id=\"evf-5300-field_8eOD2LDVOY-12-container\" class=\"evf-field evf-field-number form-row validate-required\" data-required-field-message=\"Please enter a valid number.\" data-field-id=\"8eOD2LDVOY-12\"><label class=\"evf-field-label\" for=\"evf-5300-field_8eOD2LDVOY-12\"><span class=\"evf-label\">N\u00famero<\/span> <abbr class=\"required\" title=\"Required\">*<\/abbr><\/label><input type=\"number\" id=\"evf-5300-field_8eOD2LDVOY-12\" class=\"input-text\" name=\"everest_forms[form_fields][8eOD2LDVOY-12]\" step=\"1\" required\/><div class=\"evf-field-description\">Digite somente n\u00fameros<\/div><\/div><\/div><\/div><div class=\"evf-frontend-row\" data-row=\"row_8\" conditional_rules=\"[]\"><div class=\"evf-frontend-grid evf-grid-2\" data-grid=\"grid_1\"><div id=\"evf-5300-field_OXx22zTp33-13-container\" class=\"evf-field evf-field-text form-row validate-required\" data-required-field-message=\"This field is required.\" data-field-id=\"OXx22zTp33-13\"><label class=\"evf-field-label\" for=\"evf-5300-field_OXx22zTp33-13\"><span class=\"evf-label\">Complemento<\/span> <abbr class=\"required\" title=\"Required\">*<\/abbr><\/label><input type=\"text\" id=\"evf-5300-field_OXx22zTp33-13\" class=\"input-text\" name=\"everest_forms[form_fields][OXx22zTp33-13]\" required><\/div><\/div><div class=\"evf-frontend-grid evf-grid-2\" data-grid=\"grid_2\"><div id=\"evf-5300-field_NRfg5FbYqI-14-container\" class=\"evf-field evf-field-text form-row validate-required\" data-required-field-message=\"This field is required.\" data-field-id=\"NRfg5FbYqI-14\"><label class=\"evf-field-label\" for=\"evf-5300-field_NRfg5FbYqI-14\"><span class=\"evf-label\">Bairro<\/span> <abbr class=\"required\" title=\"Required\">*<\/abbr><\/label><input type=\"text\" id=\"evf-5300-field_NRfg5FbYqI-14\" class=\"input-text\" name=\"everest_forms[form_fields][NRfg5FbYqI-14]\" required><\/div><\/div><\/div><div class=\"evf-frontend-row\" data-row=\"row_9\" conditional_rules=\"[]\"><div class=\"evf-frontend-grid evf-grid-2\" data-grid=\"grid_1\"><div id=\"evf-5300-field_76pOsgtavs-15-container\" class=\"evf-field evf-field-text form-row validate-required\" data-required-field-message=\"This field is required.\" data-field-id=\"76pOsgtavs-15\"><label class=\"evf-field-label\" for=\"evf-5300-field_76pOsgtavs-15\"><span class=\"evf-label\">Cidade<\/span> <abbr class=\"required\" title=\"Required\">*<\/abbr><\/label><input type=\"text\" id=\"evf-5300-field_76pOsgtavs-15\" class=\"input-text\" name=\"everest_forms[form_fields][76pOsgtavs-15]\" required><\/div><\/div><div class=\"evf-frontend-grid evf-grid-2\" data-grid=\"grid_2\"><div id=\"evf-5300-field_J4nuVPF0ZR-16-container\" class=\"evf-field evf-field-select form-row validate-required\" data-required-field-message=\"This field is required.\" data-field-id=\"J4nuVPF0ZR-16\"><label class=\"evf-field-label\" for=\"evf-5300-field_J4nuVPF0ZR-16\"><span class=\"evf-label\">Estado<\/span> <abbr class=\"required\" title=\"Required\">*<\/abbr><\/label><select id=\"evf-5300-field_J4nuVPF0ZR-16\" class=\"input-text evf-field-required\" name=\"everest_forms[form_fields][J4nuVPF0ZR-16]\" required=\"required\" ><option value=\"ES\" >ES<\/option><\/select><\/div><\/div><\/div><\/div><div class=\"evf-honeypot-container evf-field-hp\"><label for=\"evf-5300-field-hp\" class=\"evf-field-label\">Comment<\/label><input type=\"text\" name=\"everest_forms[hp]\" id=\"evf-5300-field-hp\" class=\"input-text\"><\/div><div class=\"evf-submit-container \" ><input type=\"hidden\" name=\"everest_forms[id]\" value=\"5300\"><input type=\"hidden\" name=\"everest_forms[author]\" value=\"5\"><button type='submit' name='everest_forms[submit]' class='everest-forms-submit-button button evf-submit ' id='evf-submit-5300' value='evf-submit' data-process-text=\"Processando\u2026\" conditional_rules='&quot;&quot;' conditional_id='evf-submit-5300'  id=\"evf-submit-5300\" aria-live=\"assertive\">Enviar Solicita\u00e7\u00e3o de Boleto<\/button><\/div><\/form><\/div><!-- .evf-container --><\/div>\n\n\n<p>Ap\u00f3s o envio desta solicita\u00e7\u00e3o, iremos processar seu Boleto junto ao Sistema Pagseguro que ir\u00e1 enviar uma mensagem diretamente para o endere\u00e7o de e-mail que voc\u00ea indicou acima, com todas as informa\u00e7\u00f5es sobre esta transa\u00e7\u00e3o e o link para impress\u00e3o do seu Boleto.<\/p>\n\n\n\n<p>Agradecemos seu interesse em nossos Cursos.<\/p>\n\n\n\n<p>SOCEPEL<\/p>\n","protected":false},"excerpt":{"rendered":"<p>Prezado Aluno(a) Caso seja de seu interesse efetuar o pagamento do seu curso atrav\u00e9s de Boleto Banc\u00e1rio, disponibilizamos esta op\u00e7\u00e3o atrav\u00e9s do Sistema de Pagamentos PagSeguro. Para isso, ser\u00e1 necess\u00e1rio que preencha corretamente o formul\u00e1rio abaixo para que sua solicita\u00e7\u00e3o seja atendida. Todos os campos s\u00e3o requeridos. Ap\u00f3s o envio desta solicita\u00e7\u00e3o, iremos processar seu [&hellip;]<\/p>\n","protected":false},"author":5,"featured_media":0,"parent":0,"menu_order":0,"comment_status":"closed","ping_status":"closed","template":"","meta":{"footnotes":""},"class_list":["post-5301","page","type-page","status-publish","hentry"],"_links":{"self":[{"href":"https:\/\/socepel.com.br\/index.php?rest_route=\/wp\/v2\/pages\/5301","targetHints":{"allow":["GET"]}}],"collection":[{"href":"https:\/\/socepel.com.br\/index.php?rest_route=\/wp\/v2\/pages"}],"about":[{"href":"https:\/\/socepel.com.br\/index.php?rest_route=\/wp\/v2\/types\/page"}],"author":[{"embeddable":true,"href":"https:\/\/socepel.com.br\/index.php?rest_route=\/wp\/v2\/users\/5"}],"replies":[{"embeddable":true,"href":"https:\/\/socepel.com.br\/index.php?rest_route=%2Fwp%2Fv2%2Fcomments&post=5301"}],"version-history":[{"count":3,"href":"https:\/\/socepel.com.br\/index.php?rest_route=\/wp\/v2\/pages\/5301\/revisions"}],"predecessor-version":[{"id":6025,"href":"https:\/\/socepel.com.br\/index.php?rest_route=\/wp\/v2\/pages\/5301\/revisions\/6025"}],"wp:attachment":[{"href":"https:\/\/socepel.com.br\/index.php?rest_route=%2Fwp%2Fv2%2Fmedia&parent=5301"}],"curies":[{"name":"wp","href":"https:\/\/api.w.org\/{rel}","templated":true}]}}